{"id":1778,"date":"2025-01-20T18:35:12","date_gmt":"2025-01-20T18:35:12","guid":{"rendered":"https:\/\/avyness.com\/dekoration-einkaufen\/"},"modified":"2025-08-13T20:53:30","modified_gmt":"2025-08-13T20:53:30","slug":"shop-de","status":"publish","type":"page","link":"https:\/\/avyness.com\/de\/shop-de\/","title":{"rendered":"Avyness kaufen"},"content":{"rendered":"<p>[et_pb_section fb_built=&#8220;1&#8243; admin_label=&#8220;Header&#8220; _builder_version=&#8220;4.27.4&#8243; _module_preset=&#8220;default&#8220; background_color=&#8220;#FFFFFF&#8220; min_height_tablet=&#8220;&#8220; min_height_phone=&#8220;&#8220; min_height_last_edited=&#8220;on|phone&#8220; collapsed=&#8220;on&#8220; global_colors_info=&#8220;{}&#8220;][et_pb_row _builder_version=&#8220;4.27.4&#8243; _module_preset=&#8220;default&#8220; width=&#8220;90%&#8220; max_width=&#8220;none&#8220; custom_margin=&#8220;||-100px||false|false&#8220; custom_margin_tablet=&#8220;||-100px||false|false&#8220; custom_margin_phone=&#8220;-75px||-100px||false|false&#8220; custom_margin_last_edited=&#8220;on|phone&#8220; global_colors_info=&#8220;{}&#8220;][et_pb_column type=&#8220;4_4&#8243; _builder_version=&#8220;4.20.0&#8243; _module_preset=&#8220;default&#8220; global_colors_info=&#8220;{}&#8220;][et_pb_image src=&#8220;https:\/\/avyness.com\/wp-content\/uploads\/2025\/06\/Header-Dekor.webp&#8220; title_text=&#8220;Kopfzeile Dekor&#8220; align=&#8220;center&#8220; _builder_version=&#8220;4.27.4&#8243; _module_preset=&#8220;default&#8220; max_width_tablet=&#8220;&#8220; max_width_phone=&#8220;100%&#8220; max_width_last_edited=&#8220;on|phone&#8220; module_alignment=&#8220;center&#8220; min_height=&#8220;100%&#8220; height_tablet=&#8220;&#8220; height_phone=&#8220;100%&#8220; height_last_edited=&#8220;on|phone&#8220; custom_margin=&#8220;-70px||||false|false&#8220; custom_margin_tablet=&#8220;||||false|false&#8220; custom_margin_phone=&#8220;0px||||false|false&#8220; custom_margin_last_edited=&#8220;on|phone&#8220; global_colors_info=&#8220;{}&#8220;][\/et_pb_image][\/et_pb_column][\/et_pb_row][\/et_pb_section][et_pb_section fb_built=&#8220;1&#8243; _builder_version=&#8220;4.27.4&#8243; _module_preset=&#8220;default&#8220; global_colors_info=&#8220;{}&#8220;][et_pb_row _builder_version=&#8220;4.27.4&#8243; _module_preset=&#8220;default&#8220; width=&#8220;90%&#8220; global_colors_info=&#8220;{}&#8220;][et_pb_column type=&#8220;4_4&#8243; _builder_version=&#8220;4.20.0&#8243; _module_preset=&#8220;default&#8220; global_colors_info=&#8220;{}&#8220;][et_pb_text _builder_version=&#8220;4.27.4&#8243; _module_preset=&#8220;cd89b59c-bd0d-422a-8635-df4b372e50b8&#8243; header_2_font=&#8220;Bellefair||||||||&#8220; custom_margin=&#8220;0px||-45px||false|false&#8220; custom_margin_tablet=&#8220;||-70px||false|false&#8220; custom_margin_phone=&#8220;||0px||false|false&#8220; custom_margin_last_edited=&#8220;on|phone&#8220; global_colors_info=&#8220;{}&#8220;]<\/p>\n<p><span style=\"font-family: 'Felix Titling', serif; letter-spacing: 10px; color: #006b5b; text-transform: uppercase; font-size: 45px;\">AVYNESS steht<\/span>f\u00fcr au\u00dfergew\u00f6hnliches Design, das Ihre Pers\u00f6nlichkeit widerspiegelt. In unserem Shop finden Sie handverlesene St\u00fccke, die Ihren R\u00e4umen einen einzigartigen und individuellen Charakter verleihen - von zeitlosem Dekor bis hin zu lebendigem Gr\u00fcn. <\/p>\n<p data-start=\"540\" data-end=\"720\">Unsere Kollektionen kombinieren hochwertige Materialien mit durchdachtem Design. Ob minimalistisch, verspielt oder elegant - jedes Produkt erz\u00e4hlt eine Geschichte und unterstreicht Ihren pers\u00f6nlichen Stil. <\/p>\n<p data-start=\"722\" data-end=\"850\">Gestalten Sie Ihr Zuhause mit Avyness neu und entdecken Sie St\u00fccke, die nicht nur sch\u00f6n aussehen, sondern auch eine warme und inspirierende Atmosph\u00e4re schaffen.<\/p>\n<p>[\/et_pb_text][\/et_pb_column][\/et_pb_row][\/et_pb_section][et_pb_section fb_built=&#8220;1&#8243; _builder_version=&#8220;4.27.4&#8243; _module_preset=&#8220;default&#8220; custom_margin=&#8220;0px||||false|false&#8220; global_colors_info=&#8220;{}&#8220;][et_pb_row _builder_version=&#8220;4.27.4&#8243; _module_preset=&#8220;default&#8220; width=&#8220;90%&#8220; custom_margin=&#8220;||-100px||false|false&#8220; custom_margin_tablet=&#8220;||-100px||false|false&#8220; custom_margin_phone=&#8220;-75px||-100px||false|false&#8220; custom_margin_last_edited=&#8220;on|phone&#8220; global_colors_info=&#8220;{}&#8220;][et_pb_column type=&#8220;4_4&#8243; _builder_version=&#8220;4.27.4&#8243; _module_preset=&#8220;default&#8220; global_colors_info=&#8220;{}&#8220;][et_pb_code _builder_version=&#8220;4.27.4&#8243; _module_preset=&#8220;default&#8220; custom_margin=&#8220;-60px||||false|false&#8220; global_colors_info=&#8220;{}&#8220;]\r\n\r\n\r\n\r\n            <div data-slug=\"\" \r\n                 class=\"woof  \" \r\n                  \r\n                 data-shortcode=\"woof \" \r\n                 data-redirect=\"\" \r\n                 data-autosubmit=\"1\" \r\n                 data-ajax-redraw=\"0\"\r\n                 >\r\n                                     \r\n                \t\r\n                <!--- here is possible to drop html code which is never redraws by AJAX ---->\r\n                \r\n                <div class=\"woof_redraw_zone\" data-woof-ver=\"1.3.8.1\" data-icheck-skin=\"square_grey\">\r\n                                        \r\n                                            \r\n                \r\n\r\n                \r\n\r\n                                \r\n                        <div data-css-class=\"woof_container_product_cat\" class=\"woof_container woof_container_checkbox woof_container_product_cat woof_container_6 woof_container_produkt-kategorien  woof_fs_product_cat \">\r\n            <div class=\"woof_container_overlay_item\"><\/div>\r\n            <div class=\"woof_container_inner woof_container_inner_produkt-kategorien\">\r\n                                                <h4>\r\n                                Produkt-Kategorien                                                                                                <\/h4>\r\n                                                            <div class=\"woof_block_html_items\" >\r\n                                <ul class=\"woof_list woof_list_checkbox\">\r\n                                \r\n\r\n\r\n            <li class=\"woof_term_154 \" >\r\n                <input type=\"checkbox\"  \r\n\t\t\t\t\t   id=\"woof_154_69e38755df43a\" \r\n\t\t\t\t\t   class=\"woof_checkbox_term woof_checkbox_term_154\" \r\n\t\t\t\t\t   data-tax=\"product_cat\" \r\n\t\t\t\t\t   name=\"pflanzen\" \r\n\t\t\t\t\t   data-term-id=\"154\" \r\n\t\t\t\t\t   value=\"154\"  \/>\r\n                <label   class=\"woof_checkbox_label \" for=\"woof_154_69e38755df43a\">Pflanzen<\/label>\r\n                            <input type=\"hidden\" value=\"Pflanzen\" data-anchor=\"woof_n_product_cat_pflanzen\" \/>\r\n\r\n            <\/li>\r\n\r\n\r\n                        \r\n\r\n\r\n            <li class=\"woof_term_277 \" >\r\n                <input type=\"checkbox\"  \r\n\t\t\t\t\t   id=\"woof_277_69e38755df45b\" \r\n\t\t\t\t\t   class=\"woof_checkbox_term woof_checkbox_term_277\" \r\n\t\t\t\t\t   data-tax=\"product_cat\" \r\n\t\t\t\t\t   name=\"zubehor\" \r\n\t\t\t\t\t   data-term-id=\"277\" \r\n\t\t\t\t\t   value=\"277\"  \/>\r\n                <label   class=\"woof_checkbox_label \" for=\"woof_277_69e38755df45b\">Zubeh\u00f6r<\/label>\r\n                            <input type=\"hidden\" value=\"Zubeh\u00f6r\" data-anchor=\"woof_n_product_cat_zubehor\" \/>\r\n\r\n            <\/li>\r\n\r\n\r\n                        \r\n\r\n\r\n            <li class=\"woof_term_135 \" >\r\n                <input type=\"checkbox\"  \r\n\t\t\t\t\t   id=\"woof_135_69e38755df46c\" \r\n\t\t\t\t\t   class=\"woof_checkbox_term woof_checkbox_term_135\" \r\n\t\t\t\t\t   data-tax=\"product_cat\" \r\n\t\t\t\t\t   name=\"alle-produkte\" \r\n\t\t\t\t\t   data-term-id=\"135\" \r\n\t\t\t\t\t   value=\"135\"  \/>\r\n                <label   class=\"woof_checkbox_label \" for=\"woof_135_69e38755df46c\">Alle Produkte<\/label>\r\n                            <input type=\"hidden\" value=\"Alle Produkte\" data-anchor=\"woof_n_product_cat_alle-produkte\" \/>\r\n\r\n            <\/li>\r\n\r\n\r\n                        \r\n\r\n\r\n            <li class=\"woof_term_255 \" >\r\n                <input type=\"checkbox\"  \r\n\t\t\t\t\t   id=\"woof_255_69e38755df47a\" \r\n\t\t\t\t\t   class=\"woof_checkbox_term woof_checkbox_term_255\" \r\n\t\t\t\t\t   data-tax=\"product_cat\" \r\n\t\t\t\t\t   name=\"deko\" \r\n\t\t\t\t\t   data-term-id=\"255\" \r\n\t\t\t\t\t   value=\"255\"  \/>\r\n                <label   class=\"woof_checkbox_label \" for=\"woof_255_69e38755df47a\">Deko<\/label>\r\n                            <input type=\"hidden\" value=\"Deko\" data-anchor=\"woof_n_product_cat_deko\" \/>\r\n\r\n            <\/li>\r\n\r\n\r\n            \r\n        <\/ul>\r\n                            <\/div>\r\n                            \r\n                                    <input type=\"hidden\" name=\"woof_t_product_cat\" value=\"Produkt-Kategorien\" \/><!-- for red button search nav panel -->\r\n                            <\/div>\r\n        <\/div>\r\n        \r\n\r\n                                <div class=\"woof_submit_search_form_container\"><\/div>\r\n        \r\n                                    <\/div>\r\n\r\n            <\/div>\r\n\r\n\r\n\r\n            [\/et_pb_code][et_pb_shop type=&#8220;product_category&#8220; posts_number=&#8220;65&#8243; show_pagination=&#8220;on&#8220; include_categories=&#8220;all&#8220; columns_number=&#8220;3&#8243; orderby=&#8220;date-desc&#8220; sale_badge_color=&#8220;#800032&#8243; _builder_version=&#8220;4.27.4&#8243; _module_preset=&#8220;default&#8220; title_font=&#8220;Forum||||||||&#8220; title_text_color=&#8220;#006B5B&#8220; title_font_size=&#8220;18px&#8220; title_line_height=&#8220;1.3em&#8220; price_font=&#8220;Forum||||||||&#8220; price_text_color=&#8220;#B29146&#8243; price_font_size=&#8220;18px&#8220; sale_price_font=&#8220;||||||||&#8220; hover_enabled=&#8220;0&#8243; border_width_all_image=&#8220;1px&#8220; border_color_all_image=&#8220;#B29146&#8243; global_colors_info=&#8220;{}&#8220; sale_badge_font=&#8220;-et_global_heading_font||||||||&#8220; sticky_enabled=&#8220;0&#8243;][\/et_pb_shop][\/et_pb_column][\/et_pb_row][\/et_pb_section]<\/p>\n","protected":false},"excerpt":{"rendered":"<p>AVYNESS stehtf\u00fcr au\u00dfergew\u00f6hnliches Design, das Ihre Pers\u00f6nlichkeit widerspiegelt. In unserem Shop finden Sie handverlesene St\u00fccke, die Ihren R\u00e4umen einen einzigartigen und individuellen Charakter verleihen - von zeitlosem Dekor bis hin zu lebendigem Gr\u00fcn. Unsere Kollektionen kombinieren hochwertige Materialien mit durchdachtem Design. Ob minimalistisch, verspielt oder elegant - jedes Produkt erz\u00e4hlt eine Geschichte und unterstreicht Ihren pers\u00f6nlichen Stil. Gestalten Sie Ihr Zuhause mit Avyness neu und entdecken Sie St\u00fccke, die nicht nur sch\u00f6n aussehen, sondern auch eine warme und inspirierende Atmosph\u00e4re schaffen.\r\n\r\n\r\n\r\n            <div data-slug=\"\" \r\n                 class=\"woof  \" \r\n                  \r\n                 data-shortcode=\"woof \" \r\n                 data-redirect=\"\" \r\n                 data-autosubmit=\"1\" \r\n                 data-ajax-redraw=\"0\"\r\n                 >\r\n                                     \r\n                \t\r\n                <!--- here is possible to drop html code which is never redraws by AJAX ---->\r\n                \r\n                <div class=\"woof_redraw_zone\" data-woof-ver=\"1.3.8.1\" data-icheck-skin=\"square_grey\">\r\n                                        \r\n                                            \r\n                \r\n\r\n                \r\n\r\n                                \r\n                        <div data-css-class=\"woof_container_product_cat\" class=\"woof_container woof_container_checkbox woof_container_product_cat woof_container_6 woof_container_produkt-kategorien  woof_fs_product_cat \">\r\n            <div class=\"woof_container_overlay_item\"><\/div>\r\n            <div class=\"woof_container_inner woof_container_inner_produkt-kategorien\">\r\n                                                <h4>\r\n                                Produkt-Kategorien                                                                                                <\/h4>\r\n                                                            <div class=\"woof_block_html_items\" >\r\n                                <ul class=\"woof_list woof_list_checkbox\">\r\n                                \r\n\r\n\r\n            <li class=\"woof_term_154 \" >\r\n                <input type=\"checkbox\"  \r\n\t\t\t\t\t   id=\"woof_154_69e387563f194\" \r\n\t\t\t\t\t   class=\"woof_checkbox_term woof_checkbox_term_154\" \r\n\t\t\t\t\t   data-tax=\"product_cat\" \r\n\t\t\t\t\t   name=\"pflanzen\" \r\n\t\t\t\t\t   data-term-id=\"154\" \r\n\t\t\t\t\t   value=\"154\"  \/>\r\n                <label   class=\"woof_checkbox_label \" for=\"woof_154_69e387563f194\">Pflanzen<\/label>\r\n                            <input type=\"hidden\" value=\"Pflanzen\" data-anchor=\"woof_n_product_cat_pflanzen\" \/>\r\n\r\n            <\/li>\r\n\r\n\r\n                        \r\n\r\n\r\n            <li class=\"woof_term_277 \" >\r\n                <input type=\"checkbox\"  \r\n\t\t\t\t\t   id=\"woof_277_69e387563f1bb\" \r\n\t\t\t\t\t   class=\"woof_checkbox_term woof_checkbox_term_277\" \r\n\t\t\t\t\t   data-tax=\"product_cat\" \r\n\t\t\t\t\t   name=\"zubehor\" \r\n\t\t\t\t\t   data-term-id=\"277\" \r\n\t\t\t\t\t   value=\"277\"  \/>\r\n                <label   class=\"woof_checkbox_label \" for=\"woof_277_69e387563f1bb\">Zubeh\u00f6r<\/label>\r\n                            <input type=\"hidden\" value=\"Zubeh\u00f6r\" data-anchor=\"woof_n_product_cat_zubehor\" \/>\r\n\r\n            <\/li>\r\n\r\n\r\n                        \r\n\r\n\r\n            <li class=\"woof_term_135 \" >\r\n                <input type=\"checkbox\"  \r\n\t\t\t\t\t   id=\"woof_135_69e387563f1d0\" \r\n\t\t\t\t\t   class=\"woof_checkbox_term woof_checkbox_term_135\" \r\n\t\t\t\t\t   data-tax=\"product_cat\" \r\n\t\t\t\t\t   name=\"alle-produkte\" \r\n\t\t\t\t\t   data-term-id=\"135\" \r\n\t\t\t\t\t   value=\"135\"  \/>\r\n                <label   class=\"woof_checkbox_label \" for=\"woof_135_69e387563f1d0\">Alle Produkte<\/label>\r\n                            <input type=\"hidden\" value=\"Alle Produkte\" data-anchor=\"woof_n_product_cat_alle-produkte\" \/>\r\n\r\n            <\/li>\r\n\r\n\r\n                        \r\n\r\n\r\n            <li class=\"woof_term_255 \" >\r\n                <input type=\"checkbox\"  \r\n\t\t\t\t\t   id=\"woof_255_69e387563f1e2\" \r\n\t\t\t\t\t   class=\"woof_checkbox_term woof_checkbox_term_255\" \r\n\t\t\t\t\t   data-tax=\"product_cat\" \r\n\t\t\t\t\t   name=\"deko\" \r\n\t\t\t\t\t   data-term-id=\"255\" \r\n\t\t\t\t\t   value=\"255\"  \/>\r\n                <label   class=\"woof_checkbox_label \" for=\"woof_255_69e387563f1e2\">Deko<\/label>\r\n                            <input type=\"hidden\" value=\"Deko\" data-anchor=\"woof_n_product_cat_deko\" \/>\r\n\r\n            <\/li>\r\n\r\n\r\n            \r\n        <\/ul>\r\n                            <\/div>\r\n                            \r\n                                    <input type=\"hidden\" name=\"woof_t_product_cat\" value=\"Produkt-Kategorien\" \/><!-- for red button search nav panel -->\r\n                            <\/div>\r\n        <\/div>\r\n        \r\n\r\n                                <div class=\"woof_submit_search_form_container\"><\/div>\r\n        \r\n                                    <\/div>\r\n\r\n            <\/div>\r\n\r\n\r\n\r\n            <\/p>\n","protected":false},"author":1,"featured_media":0,"parent":0,"menu_order":0,"comment_status":"closed","ping_status":"closed","template":"","meta":{"_et_pb_use_builder":"on","_et_pb_old_content":"","_et_gb_content_width":"","footnotes":""},"class_list":["post-1778","page","type-page","status-publish","hentry"],"jetpack_sharing_enabled":true,"_links":{"self":[{"href":"https:\/\/avyness.com\/de\/wp-json\/wp\/v2\/pages\/1778","targetHints":{"allow":["GET"]}}],"collection":[{"href":"https:\/\/avyness.com\/de\/wp-json\/wp\/v2\/pages"}],"about":[{"href":"https:\/\/avyness.com\/de\/wp-json\/wp\/v2\/types\/page"}],"author":[{"embeddable":true,"href":"https:\/\/avyness.com\/de\/wp-json\/wp\/v2\/users\/1"}],"replies":[{"embeddable":true,"href":"https:\/\/avyness.com\/de\/wp-json\/wp\/v2\/comments?post=1778"}],"version-history":[{"count":17,"href":"https:\/\/avyness.com\/de\/wp-json\/wp\/v2\/pages\/1778\/revisions"}],"predecessor-version":[{"id":5028,"href":"https:\/\/avyness.com\/de\/wp-json\/wp\/v2\/pages\/1778\/revisions\/5028"}],"wp:attachment":[{"href":"https:\/\/avyness.com\/de\/wp-json\/wp\/v2\/media?parent=1778"}],"curies":[{"name":"wp","href":"https:\/\/api.w.org\/{rel}","templated":true}]}}