{"id":1783,"date":"2025-01-09T23:26:33","date_gmt":"2025-01-09T23:26:33","guid":{"rendered":"https:\/\/avyness.com\/zeitschrift\/"},"modified":"2025-08-10T15:14:56","modified_gmt":"2025-08-10T15:14:56","slug":"journal-de","status":"publish","type":"page","link":"https:\/\/avyness.com\/de\/journal-de\/","title":{"rendered":"Zeitschrift"},"content":{"rendered":"<p>[et_pb_section fb_built=&#8220;1&#8243; custom_padding_last_edited=&#8220;on|phone&#8220; admin_label=&#8220;Header&#8220; _builder_version=&#8220;4.27.4&#8243; custom_padding=&#8220;0px||||false|false&#8220; custom_padding_tablet=&#8220;0px||||false|false&#8220; custom_padding_phone=&#8220;&#8220; locked=&#8220;off&#8220; global_colors_info=&#8220;{}&#8220;][et_pb_row _builder_version=&#8220;4.27.4&#8243; custom_padding=&#8220;60px||0px||false|false&#8220; global_colors_info=&#8220;{}&#8220;][et_pb_column type=&#8220;4_4&#8243; _builder_version=&#8220;4.16&#8243; z_index=&#8220;10&#8243; global_colors_info=&#8220;{}&#8220;][et_pb_divider show_divider=&#8220;off&#8220; _builder_version=&#8220;4.27.4&#8243; positioning=&#8220;absolute&#8220; vertical_offset=&#8220;-40px&#8220; horizontal_offset=&#8220;-40px&#8220; vertical_offset_tablet=&#8220;-20px&#8220; vertical_offset_phone=&#8220;&#8220; vertical_offset_last_edited=&#8220;on|tablet&#8220; horizontal_offset_tablet=&#8220;-20px&#8220; horizontal_offset_phone=&#8220;&#8220; horizontal_offset_last_edited=&#8220;on|desktop&#8220; width=&#8220;100%&#8220; max_width=&#8220;220px&#8220; min_height=&#8220;220px&#8220; custom_margin=&#8220;40px||||false|false&#8220; border_width_all=&#8220;2px&#8220; border_color_all=&#8220;#d8c8a5&#8243; global_colors_info=&#8220;{}&#8220;][\/et_pb_divider][et_pb_text _builder_version=&#8220;4.27.4&#8243; _module_preset=&#8220;default&#8220; text_font=&#8220;-et_global_heading_font|500|||||||&#8220; text_text_color=&#8220;#006B5B&#8220; text_font_size=&#8220;30px&#8220; link_font=&#8220;||||||||&#8220; link_text_color=&#8220;#B29146&#8243; text_orientation=&#8220;center&#8220; custom_margin_tablet=&#8220;-15px||||false|false&#8220; custom_margin_phone=&#8220;-10px||||false|false&#8220; custom_margin_last_edited=&#8220;on|phone&#8220; hover_enabled=&#8220;0&#8243; text_font_size_tablet=&#8220;25px&#8220; text_font_size_phone=&#8220;20px&#8220; text_font_size_last_edited=&#8220;on|phone&#8220; global_colors_info=&#8220;{}&#8220; sticky_enabled=&#8220;0&#8243;]<\/p>\n<p><a href=\"https:\/\/avyness.com\/de\/category\/pflanzen\/\">Pflanzen<\/a> | <a href=\"https:\/\/avyness.com\/de\/category\/lifestyle-de\/\">Lifestyle <\/a> | <a href=\"https:\/\/avyness.com\/de\/category\/interieur\/\">Interior<\/a><\/p>\n<p>[\/et_pb_text][et_pb_image src=&#8220;https:\/\/avyness.com\/wp-content\/uploads\/2025\/06\/Header-Journal.webp&#8220; title_text=&#8220;Kopfzeile Journal&#8220; show_bottom_space=&#8220;off&#8220; _builder_version=&#8220;4.27.4&#8243; z_index=&#8220;1&#8243; global_colors_info=&#8220;{}&#8220;][\/et_pb_image][et_pb_divider show_divider=&#8220;off&#8220; _builder_version=&#8220;4.27.4&#8243; transform_scale_tablet=&#8220;&#8220; transform_scale_phone=&#8220;&#8220; transform_scale_last_edited=&#8220;on|desktop&#8220; transform_rotate_tablet=&#8220;&#8220; transform_rotate_phone=&#8220;&#8220; transform_rotate_last_edited=&#8220;on|desktop&#8220; transform_skew_tablet=&#8220;&#8220; transform_skew_phone=&#8220;&#8220; transform_skew_last_edited=&#8220;on|desktop&#8220; transform_origin_tablet=&#8220;&#8220; transform_origin_phone=&#8220;&#8220; transform_origin_last_edited=&#8220;on|desktop&#8220; positioning=&#8220;absolute&#8220; position_origin_a=&#8220;bottom_right&#8220; vertical_offset=&#8220;-40px&#8220; horizontal_offset=&#8220;-40px&#8220; vertical_offset_tablet=&#8220;-20px&#8220; vertical_offset_phone=&#8220;&#8220; vertical_offset_last_edited=&#8220;on|phone&#8220; horizontal_offset_tablet=&#8220;-20px&#8220; horizontal_offset_phone=&#8220;&#8220; horizontal_offset_last_edited=&#8220;on|tablet&#8220; width=&#8220;50%&#8220; min_height=&#8220;220px&#8220; min_height_tablet=&#8220;220px&#8220; min_height_phone=&#8220;auto&#8220; min_height_last_edited=&#8220;on|phone&#8220; height=&#8220;60%&#8220; custom_margin_tablet=&#8220;|-15px|-15px|0px|false|false&#8220; custom_margin_phone=&#8220;|-5px|-10px||false|false&#8220; custom_margin_last_edited=&#8220;on|tablet&#8220; custom_padding=&#8220;0px|0px|0px|0px|false|false&#8220; border_width_all=&#8220;15px&#8220; border_color_all=&#8220;RGBA(178,145,70,0.2)&#8220; global_colors_info=&#8220;{}&#8220;][\/et_pb_divider][\/et_pb_column][\/et_pb_row][\/et_pb_section][et_pb_section fb_built=&#8220;1&#8243; admin_label=&#8220;Post Body&#8220; _builder_version=&#8220;4.27.4&#8243; custom_margin=&#8220;-25px||-25px||true|false&#8220; custom_margin_tablet=&#8220;-25px||-25px||true|false&#8220; custom_margin_phone=&#8220;-25px||-25px||true|false&#8220; custom_margin_last_edited=&#8220;on|phone&#8220; locked=&#8220;off&#8220; global_colors_info=&#8220;{}&#8220;][et_pb_row _builder_version=&#8220;4.16&#8243; custom_padding=&#8220;||0px|||&#8220; locked=&#8220;off&#8220; global_colors_info=&#8220;{}&#8220;][et_pb_column type=&#8220;4_4&#8243; _builder_version=&#8220;4.16&#8243; custom_padding=&#8220;|||&#8220; global_colors_info=&#8220;{}&#8220; custom_padding__hover=&#8220;|||&#8220;][et_pb_text _builder_version=&#8220;4.27.4&#8243; _module_preset=&#8220;default&#8220; text_line_height=&#8220;2em&#8220; custom_margin=&#8220;-15px||||false|false&#8220; global_colors_info=&#8220;{}&#8220;]<\/p>\n<p>Das <span style=\"font-family: 'Felix Titling', serif; letter-spacing: 10px; color: #006b5b; text-transform: uppercase; font-size: 45px;\">AVYNESS Journal<\/span> ist mehr als nur ein Blog - es ist eine Inspirationsquelle f\u00fcr alle, die ihr Zuhause mit Stil und Pers\u00f6nlichkeit gestalten m\u00f6chten. Tauchen Sie ein in spannende Artikel \u00fcber Dekoration, Pflanzenpflege und Raumgestaltung. Ob Sie kreative Ideen, praktische Tipps oder einzigartige Einblicke suchen, hier finden Sie alles, um Ihre R\u00e4ume in etwas ganz Besonderes zu verwandeln.<\/p>\n<p>[\/et_pb_text][\/et_pb_column][\/et_pb_row][\/et_pb_section][et_pb_section fb_built=&#8220;1&#8243; _builder_version=&#8220;4.27.4&#8243; _module_preset=&#8220;default&#8220; global_colors_info=&#8220;{}&#8220;][et_pb_row column_structure=&#8220;2_5,3_5&#8243; _builder_version=&#8220;4.27.4&#8243; _module_preset=&#8220;default&#8220; custom_margin=&#8220;-50px||-50px||false|false&#8220; global_colors_info=&#8220;{}&#8220;][et_pb_column type=&#8220;2_5&#8243; _builder_version=&#8220;4.27.4&#8243; _module_preset=&#8220;default&#8220; global_colors_info=&#8220;{}&#8220;][\/et_pb_column][et_pb_column type=&#8220;3_5&#8243; _builder_version=&#8220;4.27.4&#8243; _module_preset=&#8220;default&#8220; global_colors_info=&#8220;{}&#8220;][et_pb_search button_color=&#8220;RGBA(178,145,70,0.2)&#8220; _builder_version=&#8220;4.27.4&#8243; _module_preset=&#8220;default&#8220; button_font=&#8220;-et_global_body_font|600||on|||||&#8220; button_text_color=&#8220;#B29146&#8243; button_letter_spacing=&#8220;2px&#8220; border_color_all=&#8220;RGBA(178,145,70,0.2)&#8220; global_colors_info=&#8220;{}&#8220;][\/et_pb_search][\/et_pb_column][\/et_pb_row][\/et_pb_section][et_pb_section fb_built=&#8220;1&#8243; admin_label=&#8220;Post Body&#8220; _builder_version=&#8220;4.27.4&#8243; locked=&#8220;off&#8220; global_colors_info=&#8220;{}&#8220;][et_pb_row _builder_version=&#8220;4.27.4&#8243; _module_preset=&#8220;default&#8220; custom_margin=&#8220;-60px||||false|false&#8220; global_colors_info=&#8220;{}&#8220;][et_pb_column type=&#8220;4_4&#8243; _builder_version=&#8220;4.27.4&#8243; _module_preset=&#8220;default&#8220; global_colors_info=&#8220;{}&#8220;][et_pb_blog show_more=&#8220;on&#8220; show_author=&#8220;off&#8220; show_date=&#8220;off&#8220; show_categories=&#8220;off&#8220; module_class=&#8220;dtb-blog&#8220; _builder_version=&#8220;4.27.4&#8243; _module_preset=&#8220;default&#8220; header_text_color=&#8220;#006B5B&#8220; body_font=&#8220;|300|||||||&#8220; read_more_font=&#8220;-et_global_body_font||||||||&#8220; read_more_text_color=&#8220;#FFFFFF&#8220; read_more_letter_spacing=&#8220;2px&#8220; background_enable_color=&#8220;off&#8220; border_color_all_fullwidth=&#8220;RGBA(255,255,255,0)&#8220; global_colors_info=&#8220;{}&#8220;][\/et_pb_blog][\/et_pb_column][\/et_pb_row][\/et_pb_section]<\/p>\n","protected":false},"excerpt":{"rendered":"<p>Pflanzen | Lifestyle | InteriorDas AVYNESS Journal ist mehr als nur ein Blog - es ist eine Inspirationsquelle f\u00fcr alle, die ihr Zuhause mit Stil und Pers\u00f6nlichkeit gestalten m\u00f6chten. Tauchen Sie ein in spannende Artikel \u00fcber Dekoration, Pflanzenpflege und Raumgestaltung. Ob Sie kreative Ideen, praktische Tipps oder einzigartige Einblicke suchen, hier finden Sie alles, um Ihre R\u00e4ume in etwas ganz Besonderes zu verwandeln.<\/p>\n","protected":false},"author":1,"featured_media":0,"parent":0,"menu_order":0,"comment_status":"closed","ping_status":"closed","template":"","meta":{"_et_pb_use_builder":"on","_et_pb_old_content":"","_et_gb_content_width":"","footnotes":""},"class_list":["post-1783","page","type-page","status-publish","hentry"],"jetpack_sharing_enabled":true,"_links":{"self":[{"href":"https:\/\/avyness.com\/de\/wp-json\/wp\/v2\/pages\/1783","targetHints":{"allow":["GET"]}}],"collection":[{"href":"https:\/\/avyness.com\/de\/wp-json\/wp\/v2\/pages"}],"about":[{"href":"https:\/\/avyness.com\/de\/wp-json\/wp\/v2\/types\/page"}],"author":[{"embeddable":true,"href":"https:\/\/avyness.com\/de\/wp-json\/wp\/v2\/users\/1"}],"replies":[{"embeddable":true,"href":"https:\/\/avyness.com\/de\/wp-json\/wp\/v2\/comments?post=1783"}],"version-history":[{"count":9,"href":"https:\/\/avyness.com\/de\/wp-json\/wp\/v2\/pages\/1783\/revisions"}],"predecessor-version":[{"id":4184,"href":"https:\/\/avyness.com\/de\/wp-json\/wp\/v2\/pages\/1783\/revisions\/4184"}],"wp:attachment":[{"href":"https:\/\/avyness.com\/de\/wp-json\/wp\/v2\/media?parent=1783"}],"curies":[{"name":"wp","href":"https:\/\/api.w.org\/{rel}","templated":true}]}}