{"id":1788,"date":"2025-03-18T12:46:13","date_gmt":"2025-03-18T12:46:13","guid":{"rendered":"https:\/\/avyness.com\/rechtlicher-hinweis\/"},"modified":"2025-07-20T19:06:03","modified_gmt":"2025-07-20T19:06:03","slug":"rechtlicher-hinweis","status":"publish","type":"page","link":"https:\/\/avyness.com\/de\/rechtlicher-hinweis\/","title":{"rendered":"Rechtlicher Hinweis"},"content":{"rendered":"\n[et_pb_section fb_built=&#8220;1&#8243; _builder_version=&#8220;4.16&#8243; global_colors_info=&#8220;{}&#8220; theme_builder_area=&#8220;post_content&#8220;][et_pb_row _builder_version=&#8220;4.16&#8243; background_size=&#8220;initial&#8220; background_position=&#8220;top_left&#8220; background_repeat=&#8220;repeat&#8220; global_colors_info=&#8220;{}&#8220; theme_builder_area=&#8220;post_content&#8220;][et_pb_column type=&#8220;4_4&#8243; _builder_version=&#8220;4.16&#8243; custom_padding=&#8220;|||&#8220; global_colors_info=&#8220;{}&#8220; custom_padding__hover=&#8220;|||&#8220; theme_builder_area=&#8220;post_content&#8220;][et_pb_text _builder_version=&#8220;4.27.4&#8243; header_2_text_color=&#8220;#006B5B&#8220; background_size=&#8220;initial&#8220; background_position=&#8220;top_left&#8220; background_repeat=&#8220;repeat&#8220; hover_enabled=&#8220;0&#8243; global_colors_info=&#8220;{}&#8220; theme_builder_area=&#8220;post_content&#8220; sticky_enabled=&#8220;0&#8243; header_font_size=&#8220;45px&#8220; header_font=&#8220;||||||||&#8220;]<p><!-- divi:heading --><\/p>\n<h1 data-start=\"66\" data-end=\"100\">Rechtliche Hinweise (Impressum)<\/h1>\n<p><strong data-start=\"70\" data-end=\"98\"><\/strong><\/p>\n<p data-start=\"102\" data-end=\"140\"><strong data-start=\"102\" data-end=\"138\">Informationen gem\u00e4\u00df \u00a7 5 TMG:<\/strong><\/p>\n<p data-start=\"142\" data-end=\"207\"><strong data-start=\"142\" data-end=\"154\">Unternehmen:<\/strong><br data-start=\"154\" data-end=\"157\">AVYNESS - SevenT8Artists UG (haftungsbeschr\u00e4nkt)<\/p>\n<p data-start=\"209\" data-end=\"263\"><strong data-start=\"209\" data-end=\"221\">Adresse:<\/strong><br data-start=\"221\" data-end=\"224\">Stammestr. 19, 30459 Hannover, Deutschland <\/p>\n<p data-start=\"265\" data-end=\"382\"><strong data-start=\"265\" data-end=\"277\">Kontakt:<\/strong><br data-start=\"277\" data-end=\"280\">Telefon: +49 511 - 898 166 55 \/ +49 177-3808677<br data-start=\"325\" data-end=\"328\">E-Mail: <a data-start=\"336\" data-end=\"353\" rel=\"noopener\">hello@avyness.com<\/a><br data-start=\"353\" data-end=\"356\">Website: <a data-start=\"365\" data-end=\"380\" rel=\"noopener\" target=\"_new\" href=\"http:\/\/www.avyness.com\">www.avyness.com<\/a><\/p>\n<p data-start=\"384\" data-end=\"441\"><strong data-start=\"384\" data-end=\"403\">Vertreten durch:<\/strong><br data-start=\"403\" data-end=\"406\">Gesch\u00e4ftsf\u00fchrerin: Frau Avril Paul<\/p>\n<p data-start=\"443\" data-end=\"586\"><strong data-start=\"443\" data-end=\"473\">Handelsregistereintrag:<\/strong><br data-start=\"473\" data-end=\"476\">Eingetragen im Handelsregister des Amtsgerichts Hannover<br data-start=\"543\" data-end=\"546\">Handelsregisternummer: HRB 206359<\/p>\n<p data-start=\"588\" data-end=\"657\"><strong data-start=\"588\" data-end=\"641\">Umsatzsteuer-Identifikationsnummer gem\u00e4\u00df \u00a7 27a UStG:<\/strong><br data-start=\"641\" data-end=\"644\">DE274836764<\/p>\n<p data-start=\"659\" data-end=\"1023\"><strong data-start=\"659\" data-end=\"685\">Haftung f\u00fcr Inhalte:<\/strong><br data-start=\"685\" data-end=\"688\">Als Diensteanbieter sind wir gem\u00e4\u00df \u00a7 7 Abs.1 TMG f\u00fcr eigene Inhalte auf diesen Seiten nach den allgemeinen Gesetzen verantwortlich. Nach \u00a7\u00a7 8 bis 10 TMG sind wir jedoch nicht verpflichtet, \u00fcbermittelte oder gespeicherte fremde Informationen zu \u00fcberwachen oder nach Umst\u00e4nden zu forschen, die auf eine rechtswidrige T\u00e4tigkeit hinweisen.  <\/p>\n<p data-start=\"1025\" data-end=\"1329\"><strong data-start=\"1025\" data-end=\"1049\">Haftung f\u00fcr Links:<\/strong><br data-start=\"1049\" data-end=\"1052\">Unsere Website enth\u00e4lt Links zu externen Webseiten Dritter, auf deren Inhalte wir keinen Einfluss haben. Deshalb k\u00f6nnen wir f\u00fcr diese fremden Inhalte auch keine Gew\u00e4hr \u00fcbernehmen. F\u00fcr die Inhalte der verlinkten Seiten ist stets der jeweilige Anbieter oder Betreiber der Seiten verantwortlich.  <\/p>\n<p><!-- \/divi:paragraph --><\/p>[\/et_pb_text][\/et_pb_column][\/et_pb_row][\/et_pb_section]\n","protected":false},"excerpt":{"rendered":"<p>Rechtliche Hinweise (Impressum) Informationen gem\u00e4\u00df \u00a7 5 TMG: Unternehmen:AVYNESS - SevenT8Artists UG (haftungsbeschr\u00e4nkt) Adresse:Stammestr. 19, 30459 Hannover, Deutschland Kontakt:Telefon: +49 511 - 898 166 55 \/ +49 177-3808677E-Mail: hello@avyness.comWebsite: www.avyness.com Vertreten durch:Gesch\u00e4ftsf\u00fchrerin: Frau Avril Paul Handelsregistereintrag:Eingetragen im Handelsregister des Amtsgerichts HannoverHandelsregisternummer: HRB 206359 Umsatzsteuer-Identifikationsnummer gem\u00e4\u00df \u00a7 27a UStG:DE274836764 Haftung f\u00fcr Inhalte:Als Diensteanbieter sind wir gem\u00e4\u00df \u00a7 7 Abs.1 TMG f\u00fcr eigene Inhalte auf diesen Seiten nach den allgemeinen Gesetzen verantwortlich. Nach \u00a7\u00a7 8 bis 10 TMG sind wir jedoch nicht verpflichtet, \u00fcbermittelte oder gespeicherte fremde Informationen zu \u00fcberwachen oder nach Umst\u00e4nden zu forschen, die auf eine rechtswidrige T\u00e4tigkeit hinweisen. Haftung f\u00fcr Links:Unsere Website enth\u00e4lt Links zu externen Webseiten Dritter, auf deren Inhalte wir keinen Einfluss haben. Deshalb k\u00f6nnen wir f\u00fcr diese fremden Inhalte auch keine Gew\u00e4hr \u00fcbernehmen. F\u00fcr die Inhalte der verlinkten Seiten ist stets der jeweilige Anbieter oder Betreiber der Seiten verantwortlich.<\/p>\n","protected":false},"author":1,"featured_media":0,"parent":0,"menu_order":0,"comment_status":"closed","ping_status":"closed","template":"","meta":{"_et_pb_use_builder":"on","_et_pb_old_content":"","_et_gb_content_width":"","footnotes":""},"class_list":["post-1788","page","type-page","status-publish","hentry"],"jetpack_sharing_enabled":true,"_links":{"self":[{"href":"https:\/\/avyness.com\/de\/wp-json\/wp\/v2\/pages\/1788","targetHints":{"allow":["GET"]}}],"collection":[{"href":"https:\/\/avyness.com\/de\/wp-json\/wp\/v2\/pages"}],"about":[{"href":"https:\/\/avyness.com\/de\/wp-json\/wp\/v2\/types\/page"}],"author":[{"embeddable":true,"href":"https:\/\/avyness.com\/de\/wp-json\/wp\/v2\/users\/1"}],"replies":[{"embeddable":true,"href":"https:\/\/avyness.com\/de\/wp-json\/wp\/v2\/comments?post=1788"}],"version-history":[{"count":1,"href":"https:\/\/avyness.com\/de\/wp-json\/wp\/v2\/pages\/1788\/revisions"}],"predecessor-version":[{"id":1791,"href":"https:\/\/avyness.com\/de\/wp-json\/wp\/v2\/pages\/1788\/revisions\/1791"}],"wp:attachment":[{"href":"https:\/\/avyness.com\/de\/wp-json\/wp\/v2\/media?parent=1788"}],"curies":[{"name":"wp","href":"https:\/\/api.w.org\/{rel}","templated":true}]}}