{"id":1795,"date":"2025-05-05T15:28:49","date_gmt":"2025-05-05T15:28:49","guid":{"rendered":"https:\/\/avyness.com\/zahlung-versand\/"},"modified":"2025-08-07T17:29:59","modified_gmt":"2025-08-07T17:29:59","slug":"zahlung-versand","status":"publish","type":"page","link":"https:\/\/avyness.com\/de\/zahlung-versand\/","title":{"rendered":"Zahlung &amp; Versand"},"content":{"rendered":"<p>[et_pb_section fb_built=&#8220;1&#8243; _builder_version=&#8220;4.16&#8243; global_colors_info=&#8220;{}&#8220;][et_pb_row _builder_version=&#8220;4.16&#8243; background_size=&#8220;initial&#8220; background_position=&#8220;top_left&#8220; background_repeat=&#8220;repeat&#8220; global_colors_info=&#8220;{}&#8220;][et_pb_column type=&#8220;4_4&#8243; _builder_version=&#8220;4.16&#8243; custom_padding=&#8220;|||&#8220; global_colors_info=&#8220;{}&#8220; custom_padding__hover=&#8220;|||&#8220;][et_pb_text _builder_version=&#8220;4.27.4&#8243; header_font=&#8220;||||||||&#8220; header_font_size=&#8220;45px&#8220; header_2_text_color=&#8220;#006B5B&#8220; background_size=&#8220;initial&#8220; background_position=&#8220;top_left&#8220; background_repeat=&#8220;repeat&#8220; hover_enabled=&#8220;0&#8243; global_colors_info=&#8220;{}&#8220; sticky_enabled=&#8220;0&#8243;]<\/p>\n<h1><strong>Zahlung<\/strong><\/h1>\n<p><strong>Vorkasse:<\/strong><\/p>\n<p><strong>Wenn Sie die Zahlungsart Vorkasse w\u00e4hlen, erhalten Sie unsere Bankverbindung in einer separaten E-Mail. Der Versand Ihrer Bestellung erfolgt nach Zahlungseingang.<\/strong><\/p>\n<p><strong>\u00a0<\/strong><\/p>\n<p><strong>Kreditkarte (MasterCard \/ Visa):<\/strong><\/p>\n<p><strong>Mit Abgabe der Bestellung \u00fcbermitteln Sie uns Ihre Kreditkartendaten. Ihre Karte wird direkt nach Abschluss der Bestellung belastet.<\/strong><\/p>\n<p><strong>\u00a0<\/strong><\/p>\n<p><strong>PayPal:<\/strong><\/p>\n<p><strong>Um mit PayPal (Europe) S.\u00e0 r.l. et Cie, S.C.A, 22-24 Boulevard Royal, L-2449 Luxemburg (\u201ePayPal\u201c) zu bezahlen, m\u00fcssen Sie dort registriert sein, sich mit Ihren Zugangsdaten anmelden und die Zahlung best\u00e4tigen. Die Belastung erfolgt unmittelbar nach Abschluss der Bestellung.<\/strong><\/p>\n<p><strong>\u00a0<\/strong><\/p>\n<p><strong>Klarna:<\/strong><\/p>\n<p><strong>In Zusammenarbeit mit der Klarna Bank AB (publ.), Sveav\u00e4gen 46, 111 34 Stockholm, Schweden (\u201eKlarna\u201c) bieten wir Ihnen folgende Zahlungsoptionen an. Klarna steht ausschlie\u00dflich Verbrauchern zur Verf\u00fcgung. Sofern nicht anders angegeben, setzt die Nutzung eine erfolgreiche Adress- und Bonit\u00e4tspr\u00fcfung voraus. Die Zahlung erfolgt direkt an Klarna. Weitere Informationen erhalten Sie w\u00e4hrend des Bestellvorgangs.<\/strong><\/p>\n<p><strong>\u00a0<\/strong><\/p>\n<p><strong>Sofort\u00fcberweisung (Klarna Sofort):<\/strong><\/p>\n<p><strong>F\u00fcr die Zahlung via Sofort GmbH, Theresienh\u00f6he 12, 80339 M\u00fcnchen ben\u00f6tigen Sie ein f\u00fcr Online-Banking freigeschaltetes Konto. Nach entsprechender Authentifizierung best\u00e4tigen Sie die Zahlung. Ihr Konto wird direkt nach Abschluss der Bestellung belastet. Detaillierte Anweisungen erhalten Sie im Laufe des Bestellprozesses.<\/strong><\/p>\n<p><strong>\u00a0<\/strong><\/p>\n<p><strong>Zahlung bei Abholung:<\/strong><\/p>\n<p><strong>Bei Abholung Ihrer Bestellung k\u00f6nnen Sie die Rechnung bequem per EC-Karte begleichen.<\/strong><\/p>\n<p><strong>\u00a0<\/strong><\/p>\n<p><strong>-<\/strong><\/p>\n<p><strong>\u00a0<\/strong><\/p>\n<h2><strong>Versandkosten &amp; Lieferinformationen<\/strong><\/h2>\n<p><strong>Bei Avyness verpacken und versenden wir alle Bestellungen mit gr\u00f6\u00dfter Sorgfalt an Adressen innerhalb Deutschlands.<\/strong><\/p>\n<p><strong>Die Versandkosten sind in der Regel kostenlos, sofern nicht anders angegeben.<\/strong><\/p>\n<p><strong>\u00a0<\/strong><\/p>\n<p><strong>Hinweise:<\/strong><\/p>\n<ul>\n<li><strong> Die Versandkosten werden automatisch im Warenkorb und beim Checkout berechnet und angezeigt.<\/strong><\/li>\n<li><strong> Bei Bestellungen, die Produkte aus unterschiedlichen Kategorien (z.<\/strong><strong>\u202f<\/strong><strong>B. Pflanzen &amp; M\u00f6bel) oder verschiedenen Lagern enthalten, kann es zu Teillieferungen kommen.<\/strong><\/li>\n<li><strong> Speditionslieferungen erfolgen grunds\u00e4tzlich bis zur Bordsteinkante. Zus\u00e4tzliche Lieferoptionen (z.<\/strong><strong>\u202f<\/strong><strong>B. Lieferung bis in die Wohnung) sind auf Anfrage gegen Aufpreis m\u00f6glich.<\/strong><\/li>\n<\/ul>\n<p><strong>Dies gilt auch f\u00fcr eventuelle Versicherungen oder Sonderkosten bei der Bestellung von Einzelst\u00fccken, Kunstwerken oder Vintagem\u00f6beln.<\/strong><\/p>\n<p><strong>\u00a0<\/strong><\/p>\n<p><strong>-<\/strong><\/p>\n<p><strong>\u00a0<\/strong><\/p>\n<p><strong>Lieferzeiten:<\/strong><\/p>\n<p><strong>Sofern in der jeweiligen Artikelbeschreibung nicht anders angegeben, erfolgt die Lieferung innerhalb Deutschlands in der Regel innerhalb von 5\u201314 Werktagen.<\/strong><\/p>\n<p><strong>Sollte Ihre Bestellung Artikel mit unterschiedlichen Lieferzeiten enthalten, versenden wir die Produkte in getrennten Sendungen.<\/strong><\/p>\n<p><strong>Die Lieferzeit f\u00fcr Einzelst\u00fccke, Kunstobjekte oder sperrige G\u00fcter wird gesondert kommuniziert und individuell vereinbart.<\/strong><\/p>\n<p><strong>\u00a0<\/strong><\/p>\n<p><strong>Weitere Informationen finden Sie in unseren Allgemeinen Gesch\u00e4ftsbedingungen unter Punkt 5. <\/strong><\/p>\n<p><strong>\u00a0<\/strong><\/p>\n<p><strong>\u00a0<\/strong><\/p>\n<p><strong>Bitte beachten Sie:<\/strong><\/p>\n<p><strong>An Sonn- und Feiertagen erfolgt keine Zustellung.<\/strong><\/p>\n<p><strong>\u00a0<\/strong><\/p>\n<p><strong>\u00a0<\/strong><\/p>\n<p><strong>-<\/strong><\/p>\n<p><strong>\u00a0<\/strong><\/p>\n<h2><strong>R\u00fcckgabe &amp; R\u00fcckversand<\/strong><\/h2>\n<p><strong>Wir m\u00f6chten, dass Sie mit Ihrem Einkauf zufrieden sind.<\/strong><\/p>\n<p><strong>Wenn Sie einen Artikel zur\u00fcckgeben m\u00f6chten, k\u00f6nnen Sie dies innerhalb von 14 Tagen nach Erhalt der Ware gem\u00e4\u00df unserer R\u00fcckgaberichtlinie und den geltenden Verbraucherschutzgesetzen tun.<\/strong><\/p>\n<p><strong>\u00a0<\/strong><\/p>\n<p><strong>Sofern die R\u00fcckgabe nicht auf einen Mangel oder einen Fehler unsererseits zur\u00fcckzuf\u00fchren ist, tr\u00e4gt der Kunde die Kosten f\u00fcr den R\u00fcckversand. <\/strong><\/p>\n<p><strong>Bitte verpacken Sie R\u00fccksendungen ordnungsgem\u00e4\u00df und w\u00e4hlen Sie einen Versanddienstleister mit Sendungsverfolgung. Weitere Informationen finden Sie in unseren Allgemeinen Gesch\u00e4ftsbedingungen unter Punkt 10. <\/strong><\/p>\n<p><strong>\u00a0<\/strong><\/p>\n<p><strong>Besonderer Hinweis f\u00fcr sperrige Artikel:<\/strong><\/p>\n<p><strong>R\u00fccksendungen von per Spedition gelieferten oder sperrigen Artikeln erfordern m\u00f6glicherweise eine besondere R\u00fccksendeabwicklung. Bitte kontaktieren Sie uns im Vorfeld, um die R\u00fcckgabe solcher Artikel zu koordinieren, siehe Allgemeinen Gesch\u00e4ftsbedingungen<\/strong><\/p>\n<p><strong>Punkt 10.<\/strong><\/p>\n<p><strong>Je nach Produkt und Lieferant kann sich die R\u00fccksendeadresse von unserer Firmenanschrift unterscheiden. Die korrekte R\u00fccksendeadresse erhalten Sie w\u00e4hrend der Bearbeitung Ihrer R\u00fccksendeanfrage.<\/strong><\/p>\n<p><strong>\u00a0<\/strong><\/p>\n<p><strong>Wichtig:<\/strong><\/p>\n<p><strong>Unvollst\u00e4ndige, gebrauchte, besch\u00e4digte oder nicht sachgem\u00e4\u00df verpackte R\u00fccksendungen k\u00f6nnen zu einer Minderung der Erstattung f\u00fchren. Pflanzen sind von der R\u00fcckgabe ausgeschlossen.<\/strong><\/p>\n<p><strong>\u00a0<\/strong><\/p>\n<p>&nbsp;<\/p>\n<p>[\/et_pb_text][\/et_pb_column][\/et_pb_row][\/et_pb_section]<\/p>\n","protected":false},"excerpt":{"rendered":"<p>Zahlung Vorkasse: Wenn Sie die Zahlungsart Vorkasse w\u00e4hlen, erhalten Sie unsere Bankverbindung in einer separaten E-Mail. Der Versand Ihrer Bestellung erfolgt nach Zahlungseingang. \u00a0 Kreditkarte (MasterCard \/ Visa): Mit Abgabe der Bestellung \u00fcbermitteln Sie uns Ihre Kreditkartendaten. Ihre Karte wird direkt nach Abschluss der Bestellung belastet. \u00a0 PayPal: Um mit PayPal (Europe) S.\u00e0 r.l. et Cie, S.C.A, 22-24 Boulevard Royal, L-2449 Luxemburg (\u201ePayPal\u201c) zu bezahlen, m\u00fcssen Sie dort registriert sein, sich mit Ihren Zugangsdaten anmelden und die Zahlung best\u00e4tigen. Die Belastung erfolgt unmittelbar nach Abschluss der Bestellung. \u00a0 Klarna: In Zusammenarbeit mit der Klarna Bank AB (publ.), Sveav\u00e4gen 46, 111 34 Stockholm, Schweden (\u201eKlarna\u201c) bieten wir Ihnen folgende Zahlungsoptionen an. Klarna steht ausschlie\u00dflich Verbrauchern zur Verf\u00fcgung. Sofern nicht anders angegeben, setzt die Nutzung eine erfolgreiche Adress- und Bonit\u00e4tspr\u00fcfung voraus. Die Zahlung erfolgt direkt an Klarna. Weitere Informationen erhalten Sie w\u00e4hrend des Bestellvorgangs. \u00a0 Sofort\u00fcberweisung (Klarna Sofort): F\u00fcr die Zahlung via Sofort GmbH, Theresienh\u00f6he 12, 80339 M\u00fcnchen ben\u00f6tigen Sie ein f\u00fcr Online-Banking freigeschaltetes Konto. Nach entsprechender Authentifizierung best\u00e4tigen Sie die Zahlung. Ihr Konto wird direkt nach Abschluss der Bestellung belastet. Detaillierte Anweisungen erhalten Sie im Laufe des Bestellprozesses. \u00a0 Zahlung bei Abholung: Bei Abholung Ihrer Bestellung k\u00f6nnen Sie die Rechnung bequem [&hellip;]<\/p>\n","protected":false},"author":1,"featured_media":0,"parent":0,"menu_order":0,"comment_status":"closed","ping_status":"closed","template":"","meta":{"_et_pb_use_builder":"on","_et_pb_old_content":"","_et_gb_content_width":"","footnotes":""},"class_list":["post-1795","page","type-page","status-publish","hentry"],"jetpack_sharing_enabled":true,"_links":{"self":[{"href":"https:\/\/avyness.com\/de\/wp-json\/wp\/v2\/pages\/1795","targetHints":{"allow":["GET"]}}],"collection":[{"href":"https:\/\/avyness.com\/de\/wp-json\/wp\/v2\/pages"}],"about":[{"href":"https:\/\/avyness.com\/de\/wp-json\/wp\/v2\/types\/page"}],"author":[{"embeddable":true,"href":"https:\/\/avyness.com\/de\/wp-json\/wp\/v2\/users\/1"}],"replies":[{"embeddable":true,"href":"https:\/\/avyness.com\/de\/wp-json\/wp\/v2\/comments?post=1795"}],"version-history":[{"count":5,"href":"https:\/\/avyness.com\/de\/wp-json\/wp\/v2\/pages\/1795\/revisions"}],"predecessor-version":[{"id":3267,"href":"https:\/\/avyness.com\/de\/wp-json\/wp\/v2\/pages\/1795\/revisions\/3267"}],"wp:attachment":[{"href":"https:\/\/avyness.com\/de\/wp-json\/wp\/v2\/media?parent=1795"}],"curies":[{"name":"wp","href":"https:\/\/api.w.org\/{rel}","templated":true}]}}