{"id":1808,"date":"2025-01-20T17:34:44","date_gmt":"2025-01-20T17:34:44","guid":{"rendered":"https:\/\/avyness.com\/product\/uebertopf-xl-fabien-altes-kamel\/"},"modified":"2025-08-04T19:28:39","modified_gmt":"2025-08-04T19:28:39","slug":"uebertopf-xl-fabien-altes-kamel","status":"publish","type":"product","link":"https:\/\/avyness.com\/de\/produkt\/uebertopf-xl-fabien-altes-kamel\/","title":{"rendered":"\u00dcbertopf XL, Fabien - Old Camel"},"content":{"rendered":"<ul>\n<li><b>Das Aussehen der Kanne:<\/b> Der Fabien Topf hat eine elegante, runde Form mit einer raffinierten Textur und einem matten Finish. Erh\u00e4ltlich in warmen, neutralen T\u00f6nen, passt dieser Topf zu jeder Einrichtung und verleiht Ihren Pflanzen einen stilvollen Touch.<\/li>\n<li><b>Platzierung:<\/b> Ideal f\u00fcr den Gebrauch in Innenr\u00e4umen, z.B. im Wohnzimmer, Schlafzimmer oder B\u00fcro. Kann auch in einem \u00fcberdachten Au\u00dfenbereich wie einem Balkon aufgestellt werden.<\/li>\n<li><b>Wasserabfluss:<\/b> Ausgestattet mit einem praktischen Drainagesystem, das \u00fcbersch\u00fcssiges Wasser ableitet und die Gesundheit Ihrer Pflanzen f\u00f6rdert.<\/li>\n<li><b>Versand:<\/b> Wir verpacken Ihre Produkte in einem stabilen Karton, der speziell f\u00fcr (Zimmer-)Pflanzen entwickelt wurde. Die Pflanzen und die Blumenerde sind durch eine Abdeckung gesch\u00fctzt. Die Zimmerpflanzen sind im Karton gesichert, damit Ihre Pflanze frisch, gesund und unbesch\u00e4digt ankommt.<\/li>\n<\/ul>\n","protected":false},"excerpt":{"rendered":"<p>Das Aussehen der Kanne: Der Fabien Topf hat eine elegante, runde Form mit einer raffinierten Textur und einem matten Finish. Erh\u00e4ltlich in warmen, neutralen T\u00f6nen, passt dieser Topf zu jeder Einrichtung und verleiht Ihren Pflanzen einen stilvollen Touch. Platzierung: Ideal f\u00fcr den Gebrauch in Innenr\u00e4umen, z.B. im Wohnzimmer, Schlafzimmer oder B\u00fcro. Kann auch in einem [&hellip;]<\/p>\n","protected":false},"featured_media":1305,"comment_status":"open","ping_status":"closed","template":"","meta":{"_et_pb_use_builder":"","_et_pb_old_content":"","_et_gb_content_width":""},"product_brand":[],"product_cat":[255],"product_tag":[],"class_list":{"0":"post-1808","1":"product","2":"type-product","3":"status-publish","4":"has-post-thumbnail","6":"product_cat-deko","7":"product_shipping_class-versandklasse-c-fracht-sperrgut","9":"first","10":"instock","11":"taxable","12":"shipping-taxable","13":"purchasable","14":"product-type-simple"},"jetpack_sharing_enabled":true,"_links":{"self":[{"href":"https:\/\/avyness.com\/de\/wp-json\/wp\/v2\/product\/1808","targetHints":{"allow":["GET"]}}],"collection":[{"href":"https:\/\/avyness.com\/de\/wp-json\/wp\/v2\/product"}],"about":[{"href":"https:\/\/avyness.com\/de\/wp-json\/wp\/v2\/types\/product"}],"replies":[{"embeddable":true,"href":"https:\/\/avyness.com\/de\/wp-json\/wp\/v2\/comments?post=1808"}],"wp:featuredmedia":[{"embeddable":true,"href":"https:\/\/avyness.com\/de\/wp-json\/wp\/v2\/media\/1305"}],"wp:attachment":[{"href":"https:\/\/avyness.com\/de\/wp-json\/wp\/v2\/media?parent=1808"}],"wp:term":[{"taxonomy":"product_brand","embeddable":true,"href":"https:\/\/avyness.com\/de\/wp-json\/wp\/v2\/product_brand?post=1808"},{"taxonomy":"product_cat","embeddable":true,"href":"https:\/\/avyness.com\/de\/wp-json\/wp\/v2\/product_cat?post=1808"},{"taxonomy":"product_tag","embeddable":true,"href":"https:\/\/avyness.com\/de\/wp-json\/wp\/v2\/product_tag?post=1808"}],"curies":[{"name":"wp","href":"https:\/\/api.w.org\/{rel}","templated":true}]}}