{"id":2778,"date":"2025-08-05T12:50:45","date_gmt":"2025-08-05T12:50:45","guid":{"rendered":"https:\/\/avyness.com\/product\/retro-stil-dicke-glasvase-xxl-serie-tyler-46gr-9mm-dickes-luxusglas\/"},"modified":"2025-08-08T15:33:22","modified_gmt":"2025-08-08T15:33:22","slug":"retro-stil-dicke-glasvase-xxl-serie-tyler-46gr-9mm-dickes-luxusglas","status":"publish","type":"product","link":"https:\/\/avyness.com\/de\/produkt\/retro-stil-dicke-glasvase-xxl-serie-tyler-46gr-9mm-dickes-luxusglas\/","title":{"rendered":"Retro-Stil dicke Glasvase XXL, Serie: TYLER 46GR, 9mm dickes Luxusglas"},"content":{"rendered":"<p>Die Retro-Mode aus der Zeit des Art d\u00e9co ist wieder in Mode gekommen. Wir haben diese Serie entworfen, um diese Art Deco-Verbindung sehr deutlich zu machen, und die Farben, sicherlich das AMBER, helfen dabei. Die Kombination der kleineren Vasen mit der grazi\u00f6sen TYL46 (XL-Gr\u00f6\u00dfe!) macht sie zu einem Blickfang in jedem Raum. Das dicke Glas verleiht ihnen Reichtum in Farbe und Verarbeitung., Farbe: GR<br \/>\n= graues Klarglas<br \/>\nBreite: 22cm<br \/>\nH\u00f6he: 46cm<br \/>\nL\u00e4nge: 22cm<br \/>\nDurchmesser: 22cm<br \/>\nGewicht: 4450g<br \/>\nMaterialien: Crystallinne, Glas, Glas<\/p>\n","protected":false},"excerpt":{"rendered":"<p>Die Retro-Mode aus der Zeit des Art d\u00e9co ist wieder in Mode gekommen. Wir haben diese Serie entworfen, um diese Art Deco-Verbindung sehr deutlich zu machen, und die Farben, sicherlich das AMBER, helfen dabei. Die Kombination der kleineren Vasen mit der grazi\u00f6sen TYL46 (XL-Gr\u00f6\u00dfe!) macht sie zu einem Blickfang in jedem Raum. Das dicke Glas [&hellip;]<\/p>\n","protected":false},"featured_media":2335,"comment_status":"open","ping_status":"closed","template":"","meta":{"_et_pb_use_builder":"","_et_pb_old_content":"","_et_gb_content_width":""},"product_brand":[],"product_cat":[135,255],"product_tag":[],"class_list":{"0":"post-2778","1":"product","2":"type-product","3":"status-publish","4":"has-post-thumbnail","6":"product_cat-alle-produkte","7":"product_cat-deko","9":"first","10":"instock","11":"taxable","12":"shipping-taxable","13":"purchasable","14":"product-type-simple"},"jetpack_sharing_enabled":true,"_links":{"self":[{"href":"https:\/\/avyness.com\/de\/wp-json\/wp\/v2\/product\/2778","targetHints":{"allow":["GET"]}}],"collection":[{"href":"https:\/\/avyness.com\/de\/wp-json\/wp\/v2\/product"}],"about":[{"href":"https:\/\/avyness.com\/de\/wp-json\/wp\/v2\/types\/product"}],"replies":[{"embeddable":true,"href":"https:\/\/avyness.com\/de\/wp-json\/wp\/v2\/comments?post=2778"}],"wp:featuredmedia":[{"embeddable":true,"href":"https:\/\/avyness.com\/de\/wp-json\/wp\/v2\/media\/2335"}],"wp:attachment":[{"href":"https:\/\/avyness.com\/de\/wp-json\/wp\/v2\/media?parent=2778"}],"wp:term":[{"taxonomy":"product_brand","embeddable":true,"href":"https:\/\/avyness.com\/de\/wp-json\/wp\/v2\/product_brand?post=2778"},{"taxonomy":"product_cat","embeddable":true,"href":"https:\/\/avyness.com\/de\/wp-json\/wp\/v2\/product_cat?post=2778"},{"taxonomy":"product_tag","embeddable":true,"href":"https:\/\/avyness.com\/de\/wp-json\/wp\/v2\/product_tag?post=2778"}],"curies":[{"name":"wp","href":"https:\/\/api.w.org\/{rel}","templated":true}]}}