{"id":2783,"date":"2025-08-05T12:51:23","date_gmt":"2025-08-05T12:51:23","guid":{"rendered":"https:\/\/avyness.com\/product\/moderne-glasvase-im-retro-stil-bernsteinfarben-tyler-12am\/"},"modified":"2025-08-08T15:33:25","modified_gmt":"2025-08-08T15:33:25","slug":"moderne-glasvase-im-retro-stil-bernsteinfarben-tyler-12am","status":"publish","type":"product","link":"https:\/\/avyness.com\/de\/produkt\/moderne-glasvase-im-retro-stil-bernsteinfarben-tyler-12am\/","title":{"rendered":"Moderne Glasvase im Retro-Stil, bernsteinfarben, TYLER 12AM"},"content":{"rendered":"<p>Eine perfekte Glasvase. Ein besseres Preis-Qualit\u00e4ts-Verh\u00e4ltnis werden Sie nicht finden. Diese sehr trendige Vase ist ziemlich gro\u00df und kann einen gro\u00dfen Blumenstrau\u00df aufnehmen. Die Farbe ist ein wunderbares dunkles Orange, das zu jedem Interieur passt.<br \/>\nDer Stil des Art D\u00e9co erlebt seit 2015 ein Revival. Unsere Designer haben sich von den geometrischen Formen beeinflussen lassen, die so typisch f\u00fcr die amerikanischen Wolkenkratzer des Interbellums sind. Unsere Vasen w\u00fcrden sich perfekt in das Chrysler-Geb\u00e4ude oder die Innenr\u00e4ume von Frank Lloyd Wright einf\u00fcgen. Wir haben ihnen einen modernen Touch gegeben und Variationen in Gr\u00f6\u00dfe und Form entwickelt. Dieses Modell TYL12 kann einen kleinen Blumenstrau\u00df aufnehmen und ist dennoch so sch\u00f6n, dass es als Deko-Objekt verwendet werden kann, vor allem in einem Set aus 2 oder 3 Vasen der gleichen Serie TYLER. Erh\u00e4ltlich in 2 Farben, Bernstein oder Grau. p.s. Sehen Sie sich auch TYL46 an, eine XXL-Vase aus derselben Serie.<br \/>\nBreite: 16,5cm<br \/>\nH\u00f6he: 25cm<br \/>\nDurchmesser: 16,5cm<br \/>\nGewicht: 1900g<br \/>\nMaterialien: Glas, Glas      <\/p>\n","protected":false},"excerpt":{"rendered":"<p>Eine perfekte Glasvase. Ein besseres Preis-Qualit\u00e4ts-Verh\u00e4ltnis werden Sie nicht finden. Diese sehr trendige Vase ist ziemlich gro\u00df und kann einen gro\u00dfen Blumenstrau\u00df aufnehmen. Die Farbe ist ein wunderbares dunkles Orange, das zu jedem Interieur passt. Der Stil des Art D\u00e9co erlebt seit 2015 ein Revival. Unsere Designer haben sich von den geometrischen Formen beeinflussen lassen, [&hellip;]<\/p>\n","protected":false},"featured_media":2380,"comment_status":"open","ping_status":"closed","template":"","meta":{"_et_pb_use_builder":"","_et_pb_old_content":"","_et_gb_content_width":""},"product_brand":[],"product_cat":[135,255],"product_tag":[],"class_list":{"0":"post-2783","1":"product","2":"type-product","3":"status-publish","4":"has-post-thumbnail","6":"product_cat-alle-produkte","7":"product_cat-deko","9":"first","10":"outofstock","11":"taxable","12":"shipping-taxable","13":"purchasable","14":"product-type-simple"},"jetpack_sharing_enabled":true,"_links":{"self":[{"href":"https:\/\/avyness.com\/de\/wp-json\/wp\/v2\/product\/2783","targetHints":{"allow":["GET"]}}],"collection":[{"href":"https:\/\/avyness.com\/de\/wp-json\/wp\/v2\/product"}],"about":[{"href":"https:\/\/avyness.com\/de\/wp-json\/wp\/v2\/types\/product"}],"replies":[{"embeddable":true,"href":"https:\/\/avyness.com\/de\/wp-json\/wp\/v2\/comments?post=2783"}],"wp:featuredmedia":[{"embeddable":true,"href":"https:\/\/avyness.com\/de\/wp-json\/wp\/v2\/media\/2380"}],"wp:attachment":[{"href":"https:\/\/avyness.com\/de\/wp-json\/wp\/v2\/media?parent=2783"}],"wp:term":[{"taxonomy":"product_brand","embeddable":true,"href":"https:\/\/avyness.com\/de\/wp-json\/wp\/v2\/product_brand?post=2783"},{"taxonomy":"product_cat","embeddable":true,"href":"https:\/\/avyness.com\/de\/wp-json\/wp\/v2\/product_cat?post=2783"},{"taxonomy":"product_tag","embeddable":true,"href":"https:\/\/avyness.com\/de\/wp-json\/wp\/v2\/product_tag?post=2783"}],"curies":[{"name":"wp","href":"https:\/\/api.w.org\/{rel}","templated":true}]}}