{"id":2786,"date":"2025-08-05T12:51:27","date_gmt":"2025-08-05T12:51:27","guid":{"rendered":"https:\/\/avyness.com\/product\/grosse-design-vase-mit-zackiger-eckiger-zylindrischer-form-dunkelgraues-hochwertiges-glas-cuz14gr\/"},"modified":"2025-08-08T15:33:23","modified_gmt":"2025-08-08T15:33:23","slug":"grosse-design-vase-mit-zackiger-eckiger-zylindrischer-form-dunkelgraues-hochwertiges-glas-cuz14gr","status":"publish","type":"product","link":"https:\/\/avyness.com\/de\/produkt\/grosse-design-vase-mit-zackiger-eckiger-zylindrischer-form-dunkelgraues-hochwertiges-glas-cuz14gr\/","title":{"rendered":"Gro\u00dfe Design-Vase mit zackiger, eckiger, zylindrischer Form, dunkelgraues, hochwertiges Glas, CUZ14GR"},"content":{"rendered":"<p>Inspiriert von der Inka-Kultur, die f\u00fcr ihre F\u00e4higkeit bekannt ist, archetypische Designs zu schaffen. Die Form ist eine moderne Interpretation des Inka-Graphismus. Das Ergebnis ist eine sehr praktische Vase f\u00fcr einen gro\u00dfen Blumenstrau\u00df, was an der Form der \u00d6ffnung liegt. Cuzco war die historische Hauptstadt des gro\u00dfen Inka-Reiches und des heutigen Peru. Diese Version ist aus dunkelgrauem Glas und in zwei Gr\u00f6\u00dfen erh\u00e4ltlich.<br \/>\nBreite: 20cm<br \/>\nH\u00f6he: 28cm<br \/>\nL\u00e4nge: 20cm<br \/>\nDurchmesser: 20cm<br \/>\nVolumen: 1.5L<br \/>\nGewicht: 2100g    <\/p>\n<p>&nbsp;<\/p>\n","protected":false},"excerpt":{"rendered":"<p>Inspiriert von der Inka-Kultur, die f\u00fcr ihre F\u00e4higkeit bekannt ist, archetypische Designs zu schaffen. Die Form ist eine moderne Interpretation des Inka-Graphismus. Das Ergebnis ist eine sehr praktische Vase f\u00fcr einen gro\u00dfen Blumenstrau\u00df, was an der Form der \u00d6ffnung liegt. Cuzco war die historische Hauptstadt des gro\u00dfen Inka-Reiches und des heutigen Peru. Diese Version ist [&hellip;]<\/p>\n","protected":false},"featured_media":2387,"comment_status":"open","ping_status":"closed","template":"","meta":{"_et_pb_use_builder":"","_et_pb_old_content":"","_et_gb_content_width":""},"product_brand":[],"product_cat":[135,255],"product_tag":[],"class_list":{"0":"post-2786","1":"product","2":"type-product","3":"status-publish","4":"has-post-thumbnail","6":"product_cat-alle-produkte","7":"product_cat-deko","9":"first","10":"instock","11":"taxable","12":"shipping-taxable","13":"purchasable","14":"product-type-simple"},"jetpack_sharing_enabled":true,"_links":{"self":[{"href":"https:\/\/avyness.com\/de\/wp-json\/wp\/v2\/product\/2786","targetHints":{"allow":["GET"]}}],"collection":[{"href":"https:\/\/avyness.com\/de\/wp-json\/wp\/v2\/product"}],"about":[{"href":"https:\/\/avyness.com\/de\/wp-json\/wp\/v2\/types\/product"}],"replies":[{"embeddable":true,"href":"https:\/\/avyness.com\/de\/wp-json\/wp\/v2\/comments?post=2786"}],"wp:featuredmedia":[{"embeddable":true,"href":"https:\/\/avyness.com\/de\/wp-json\/wp\/v2\/media\/2387"}],"wp:attachment":[{"href":"https:\/\/avyness.com\/de\/wp-json\/wp\/v2\/media?parent=2786"}],"wp:term":[{"taxonomy":"product_brand","embeddable":true,"href":"https:\/\/avyness.com\/de\/wp-json\/wp\/v2\/product_brand?post=2786"},{"taxonomy":"product_cat","embeddable":true,"href":"https:\/\/avyness.com\/de\/wp-json\/wp\/v2\/product_cat?post=2786"},{"taxonomy":"product_tag","embeddable":true,"href":"https:\/\/avyness.com\/de\/wp-json\/wp\/v2\/product_tag?post=2786"}],"curies":[{"name":"wp","href":"https:\/\/api.w.org\/{rel}","templated":true}]}}