{"id":2787,"date":"2025-08-05T12:51:30","date_gmt":"2025-08-05T12:51:30","guid":{"rendered":"https:\/\/avyness.com\/product\/meistverkaufte-glasvasen-moderne-elegante-grosse-vase-aus-tiefblauem-qualitaetsglas-davos15\/"},"modified":"2025-08-08T15:33:25","modified_gmt":"2025-08-08T15:33:25","slug":"meistverkaufte-glasvasen-moderne-elegante-grosse-vase-aus-tiefblauem-qualitaetsglas-davos15","status":"publish","type":"product","link":"https:\/\/avyness.com\/de\/produkt\/meistverkaufte-glasvasen-moderne-elegante-grosse-vase-aus-tiefblauem-qualitaetsglas-davos15\/","title":{"rendered":"Meistverkaufte Glasvasen: moderne elegante gro\u00dfe Vase aus tiefblauem Qualit\u00e4tsglas, DAVOS15"},"content":{"rendered":"<p>Die Schlichtheit der perfekten Form macht diese Vase so rein, dass man sie als wahre Ikone bezeichnen kann.<br \/>\nStilvoll wie der Name, den wir f\u00fcr sie gew\u00e4hlt haben: DAVOS, wo sich jedes Jahr die Reichen und Ber\u00fchmten der Welt ein Stelldichein geben.<br \/>\nWir haben uns f\u00fcr die dunkelblaue Farbe &#8222;Ink Blue&#8220; entschieden, die sich in den Kurven in verschiedenen T\u00f6nen zeigt. Das Glas ist von hoher Qualit\u00e4t. <\/p>\n<p>Alles in allem DIE perfekte Vase! Und die Verkaufsmengen beweisen es! <\/p>\n<p>Erh\u00e4ltlich in 2 Gr\u00f6\u00dfen, und am eindrucksvollsten im Set, auch ohne Blumen.<br \/>\nBreite: 20.3cm<br \/>\nH\u00f6he: 30cm<br \/>\nL\u00e4nge: 20.3cm<br \/>\nDurchmesser: 20.3cm<br \/>\nVolumen: 2L<br \/>\nGewicht: 2g<br \/>\nMaterialien: Glas, Glas, Tinte<\/p>\n","protected":false},"excerpt":{"rendered":"<p>Die Schlichtheit der perfekten Form macht diese Vase so rein, dass man sie als wahre Ikone bezeichnen kann. Stilvoll wie der Name, den wir f\u00fcr sie gew\u00e4hlt haben: DAVOS, wo sich jedes Jahr die Reichen und Ber\u00fchmten der Welt ein Stelldichein geben. Wir haben uns f\u00fcr die dunkelblaue Farbe &#8222;Ink Blue&#8220; entschieden, die sich in [&hellip;]<\/p>\n","protected":false},"featured_media":2406,"comment_status":"open","ping_status":"closed","template":"","meta":{"_et_pb_use_builder":"","_et_pb_old_content":"","_et_gb_content_width":""},"product_brand":[],"product_cat":[135,255],"product_tag":[],"class_list":{"0":"post-2787","1":"product","2":"type-product","3":"status-publish","4":"has-post-thumbnail","6":"product_cat-alle-produkte","7":"product_cat-deko","9":"first","10":"instock","11":"taxable","12":"shipping-taxable","13":"purchasable","14":"product-type-simple"},"jetpack_sharing_enabled":true,"_links":{"self":[{"href":"https:\/\/avyness.com\/de\/wp-json\/wp\/v2\/product\/2787","targetHints":{"allow":["GET"]}}],"collection":[{"href":"https:\/\/avyness.com\/de\/wp-json\/wp\/v2\/product"}],"about":[{"href":"https:\/\/avyness.com\/de\/wp-json\/wp\/v2\/types\/product"}],"replies":[{"embeddable":true,"href":"https:\/\/avyness.com\/de\/wp-json\/wp\/v2\/comments?post=2787"}],"wp:featuredmedia":[{"embeddable":true,"href":"https:\/\/avyness.com\/de\/wp-json\/wp\/v2\/media\/2406"}],"wp:attachment":[{"href":"https:\/\/avyness.com\/de\/wp-json\/wp\/v2\/media?parent=2787"}],"wp:term":[{"taxonomy":"product_brand","embeddable":true,"href":"https:\/\/avyness.com\/de\/wp-json\/wp\/v2\/product_brand?post=2787"},{"taxonomy":"product_cat","embeddable":true,"href":"https:\/\/avyness.com\/de\/wp-json\/wp\/v2\/product_cat?post=2787"},{"taxonomy":"product_tag","embeddable":true,"href":"https:\/\/avyness.com\/de\/wp-json\/wp\/v2\/product_tag?post=2787"}],"curies":[{"name":"wp","href":"https:\/\/api.w.org\/{rel}","templated":true}]}}