{"id":2789,"date":"2025-08-05T12:51:15","date_gmt":"2025-08-05T12:51:15","guid":{"rendered":"https:\/\/avyness.com\/product\/moderne-glasvase-elegant-dunkelblau-buled25ib-9mm-luxusglas\/"},"modified":"2025-08-08T15:33:22","modified_gmt":"2025-08-08T15:33:22","slug":"moderne-glasvase-elegant-dunkelblau-buled25ib-9mm-luxusglas","status":"publish","type":"product","link":"https:\/\/avyness.com\/de\/produkt\/moderne-glasvase-elegant-dunkelblau-buled25ib-9mm-luxusglas\/","title":{"rendered":"Moderne Glasvase elegant dunkelblau, BULED25IB, 9mm Luxusglas"},"content":{"rendered":"<p>Wahrscheinlich die eleganteste moderne Vase, die es gibt. Die Kurven sind genau richtig und die offene, nicht-horizontale Oberseite verleiht ihr einen Hauch von Originalit\u00e4t und Modernit\u00e4t. Das d\u00fcnne Glas ist von h\u00f6chster Reinheit und zeigt die Tiefe der Farben. Diese gro\u00dfen Vasen laden zu einem gro\u00dfen Blumenstrau\u00df ein und sind der Blickfang in jedem Raum. Sie wurde im Haus entworfen und erhielt einen Namen, der zu ihrer Anmut passt., Farbe: IB = Ink Blue, ein sehr dunkles Blau, das dort, wo das Licht durchscheint, etwas heller ist.<br \/>\nLUXURY EDITIONS, das bedeutet 9 mm dickes Glas, was sich auch in seinem Gewicht von 2,9 kg widerspiegelt!<br \/>\nBreite: 18cm<br \/>\nH\u00f6he: 25cm<br \/>\nDurchmesser: 18cm<br \/>\nGewicht: 2900g<br \/>\nMaterialien: Crystallinne, Glas, Glas<\/p>\n","protected":false},"excerpt":{"rendered":"<p>Wahrscheinlich die eleganteste moderne Vase, die es gibt. Die Kurven sind genau richtig und die offene, nicht-horizontale Oberseite verleiht ihr einen Hauch von Originalit\u00e4t und Modernit\u00e4t. Das d\u00fcnne Glas ist von h\u00f6chster Reinheit und zeigt die Tiefe der Farben. Diese gro\u00dfen Vasen laden zu einem gro\u00dfen Blumenstrau\u00df ein und sind der Blickfang in jedem Raum. [&hellip;]<\/p>\n","protected":false},"featured_media":2371,"comment_status":"open","ping_status":"closed","template":"","meta":{"_et_pb_use_builder":"","_et_pb_old_content":"","_et_gb_content_width":""},"product_brand":[],"product_cat":[135,255],"product_tag":[],"class_list":{"0":"post-2789","1":"product","2":"type-product","3":"status-publish","4":"has-post-thumbnail","6":"product_cat-alle-produkte","7":"product_cat-deko","9":"first","10":"instock","11":"taxable","12":"shipping-taxable","13":"purchasable","14":"product-type-simple"},"jetpack_sharing_enabled":true,"_links":{"self":[{"href":"https:\/\/avyness.com\/de\/wp-json\/wp\/v2\/product\/2789","targetHints":{"allow":["GET"]}}],"collection":[{"href":"https:\/\/avyness.com\/de\/wp-json\/wp\/v2\/product"}],"about":[{"href":"https:\/\/avyness.com\/de\/wp-json\/wp\/v2\/types\/product"}],"replies":[{"embeddable":true,"href":"https:\/\/avyness.com\/de\/wp-json\/wp\/v2\/comments?post=2789"}],"wp:featuredmedia":[{"embeddable":true,"href":"https:\/\/avyness.com\/de\/wp-json\/wp\/v2\/media\/2371"}],"wp:attachment":[{"href":"https:\/\/avyness.com\/de\/wp-json\/wp\/v2\/media?parent=2789"}],"wp:term":[{"taxonomy":"product_brand","embeddable":true,"href":"https:\/\/avyness.com\/de\/wp-json\/wp\/v2\/product_brand?post=2789"},{"taxonomy":"product_cat","embeddable":true,"href":"https:\/\/avyness.com\/de\/wp-json\/wp\/v2\/product_cat?post=2789"},{"taxonomy":"product_tag","embeddable":true,"href":"https:\/\/avyness.com\/de\/wp-json\/wp\/v2\/product_tag?post=2789"}],"curies":[{"name":"wp","href":"https:\/\/api.w.org\/{rel}","templated":true}]}}