{"id":2790,"date":"2025-08-05T12:59:42","date_gmt":"2025-08-05T12:59:42","guid":{"rendered":"https:\/\/avyness.com\/product\/neue-grosse-schale-oder-teller-im-modernen-design-inspiriert-von-coral-und-aalto-cor08am\/"},"modified":"2025-08-08T15:33:27","modified_gmt":"2025-08-08T15:33:27","slug":"neue-grosse-schale-oder-teller-im-modernen-design-inspiriert-von-coral-und-aalto-cor08am","status":"publish","type":"product","link":"https:\/\/avyness.com\/de\/produkt\/neue-grosse-schale-oder-teller-im-modernen-design-inspiriert-von-coral-und-aalto-cor08am\/","title":{"rendered":"Neue gro\u00dfe Schale oder Teller im modernen Design, inspiriert von CORAL und Aalto, COR08AM"},"content":{"rendered":"<p>Der Designer scheint von skandinavischen Designern wie Aalto beeinflusst zu sein und lie\u00df sich von der Meeresk\u00fcste inspirieren: Korallen.<br \/>\nDies ist eine hohe, luxuri\u00f6se Schale oder ein Teller aus hochwertigem und extra dickem 9mm Glas.<br \/>\nDie Serie CORAL ist in 5 verschiedenen Modellen erh\u00e4ltlich, jedes mit einer anderen Form, die zusammen eine wunderbare Komposition von Vasen bilden.<br \/>\nMit dieser Vase lassen sich aufgrund der vielen Biegungen und Drehungen interessante Blumenarrangements gestalten.<br \/>\nDie Farbe ist Bernstein (AM) und die Gr\u00f6\u00dfen sind: 8 cm hoch, Oberfl\u00e4che von 30&#215;30 cm in einer organischen korallenf\u00f6rmigen Form.<br \/>\nAuch in Wei\u00df und Grau erh\u00e4ltlich.<br \/>\nBreite: 30cm<br \/>\nH\u00f6he: 9cm<br \/>\nL\u00e4nge: 30cm<br \/>\nDurchmesser: 9cm<br \/>\nGewicht: 4200g<br \/>\nMaterialien: Glas, Glas<\/p>\n","protected":false},"excerpt":{"rendered":"<p>Der Designer scheint von skandinavischen Designern wie Aalto beeinflusst zu sein und lie\u00df sich von der Meeresk\u00fcste inspirieren: Korallen. Dies ist eine hohe, luxuri\u00f6se Schale oder ein Teller aus hochwertigem und extra dickem 9mm Glas. Die Serie CORAL ist in 5 verschiedenen Modellen erh\u00e4ltlich, jedes mit einer anderen Form, die zusammen eine wunderbare Komposition von [&hellip;]<\/p>\n","protected":false},"featured_media":2571,"comment_status":"open","ping_status":"closed","template":"","meta":{"_et_pb_use_builder":"","_et_pb_old_content":"","_et_gb_content_width":""},"product_brand":[],"product_cat":[135,255],"product_tag":[],"class_list":{"0":"post-2790","1":"product","2":"type-product","3":"status-publish","4":"has-post-thumbnail","6":"product_cat-alle-produkte","7":"product_cat-deko","9":"first","10":"instock","11":"taxable","12":"shipping-taxable","13":"purchasable","14":"product-type-simple"},"jetpack_sharing_enabled":true,"_links":{"self":[{"href":"https:\/\/avyness.com\/de\/wp-json\/wp\/v2\/product\/2790","targetHints":{"allow":["GET"]}}],"collection":[{"href":"https:\/\/avyness.com\/de\/wp-json\/wp\/v2\/product"}],"about":[{"href":"https:\/\/avyness.com\/de\/wp-json\/wp\/v2\/types\/product"}],"replies":[{"embeddable":true,"href":"https:\/\/avyness.com\/de\/wp-json\/wp\/v2\/comments?post=2790"}],"wp:featuredmedia":[{"embeddable":true,"href":"https:\/\/avyness.com\/de\/wp-json\/wp\/v2\/media\/2571"}],"wp:attachment":[{"href":"https:\/\/avyness.com\/de\/wp-json\/wp\/v2\/media?parent=2790"}],"wp:term":[{"taxonomy":"product_brand","embeddable":true,"href":"https:\/\/avyness.com\/de\/wp-json\/wp\/v2\/product_brand?post=2790"},{"taxonomy":"product_cat","embeddable":true,"href":"https:\/\/avyness.com\/de\/wp-json\/wp\/v2\/product_cat?post=2790"},{"taxonomy":"product_tag","embeddable":true,"href":"https:\/\/avyness.com\/de\/wp-json\/wp\/v2\/product_tag?post=2790"}],"curies":[{"name":"wp","href":"https:\/\/api.w.org\/{rel}","templated":true}]}}