{"id":2791,"date":"2025-08-05T12:51:28","date_gmt":"2025-08-05T12:51:28","guid":{"rendered":"https:\/\/avyness.com\/product\/schlichte-moderne-hohe-glasvase-zylindrische-form-auf-massivem-sockel-warmes-dunkles-orange-omaha18am\/"},"modified":"2025-08-08T15:33:26","modified_gmt":"2025-08-08T15:33:26","slug":"schlichte-moderne-hohe-glasvase-zylindrische-form-auf-massivem-sockel-warmes-dunkles-orange-omaha18am","status":"publish","type":"product","link":"https:\/\/avyness.com\/de\/produkt\/schlichte-moderne-hohe-glasvase-zylindrische-form-auf-massivem-sockel-warmes-dunkles-orange-omaha18am\/","title":{"rendered":"Schlichte, moderne, hohe Glasvase, zylindrische Form auf massivem Sockel, warmes dunkles Orange, OMAHA18AM"},"content":{"rendered":"<p>Die primitive Form des Zylinders dr\u00fcckt Logik, Vertrauen und Intelligenz aus. W\u00e4hrend er seine Vertikalit\u00e4t durch gut durchdachte Proportionen beibeh\u00e4lt, ist es der Sockel dieser Avase, der sie so besonders macht. Der massive Sockel ist schmaler und nicht zu hoch, so dass der Zylinder anmutig steht. Die n\u00fcchternen Kurven zwischen Ober- und Unterteil erzeugen einige sch\u00f6ne Schattierungen in der Farbe des Glases. Dieses Modell ist in einem dunklen Orange gehalten, das wir &#8222;Amber&#8220; nennen.<br \/>\nBreite: 15cm<br \/>\nH\u00f6he: 36cm<br \/>\nL\u00e4nge: 15cm<br \/>\nDurchmesser: 15cm<br \/>\nGewicht: 2300g<br \/>\nMaterialien: Glas, Glas    <\/p>\n","protected":false},"excerpt":{"rendered":"<p>Die primitive Form des Zylinders dr\u00fcckt Logik, Vertrauen und Intelligenz aus. W\u00e4hrend er seine Vertikalit\u00e4t durch gut durchdachte Proportionen beibeh\u00e4lt, ist es der Sockel dieser Avase, der sie so besonders macht. Der massive Sockel ist schmaler und nicht zu hoch, so dass der Zylinder anmutig steht. Die n\u00fcchternen Kurven zwischen Ober- und Unterteil erzeugen einige [&hellip;]<\/p>\n","protected":false},"featured_media":2393,"comment_status":"open","ping_status":"closed","template":"","meta":{"_et_pb_use_builder":"","_et_pb_old_content":"","_et_gb_content_width":""},"product_brand":[],"product_cat":[135,255],"product_tag":[],"class_list":{"0":"post-2791","1":"product","2":"type-product","3":"status-publish","4":"has-post-thumbnail","6":"product_cat-alle-produkte","7":"product_cat-deko","9":"first","10":"instock","11":"taxable","12":"shipping-taxable","13":"purchasable","14":"product-type-simple"},"jetpack_sharing_enabled":true,"_links":{"self":[{"href":"https:\/\/avyness.com\/de\/wp-json\/wp\/v2\/product\/2791","targetHints":{"allow":["GET"]}}],"collection":[{"href":"https:\/\/avyness.com\/de\/wp-json\/wp\/v2\/product"}],"about":[{"href":"https:\/\/avyness.com\/de\/wp-json\/wp\/v2\/types\/product"}],"replies":[{"embeddable":true,"href":"https:\/\/avyness.com\/de\/wp-json\/wp\/v2\/comments?post=2791"}],"wp:featuredmedia":[{"embeddable":true,"href":"https:\/\/avyness.com\/de\/wp-json\/wp\/v2\/media\/2393"}],"wp:attachment":[{"href":"https:\/\/avyness.com\/de\/wp-json\/wp\/v2\/media?parent=2791"}],"wp:term":[{"taxonomy":"product_brand","embeddable":true,"href":"https:\/\/avyness.com\/de\/wp-json\/wp\/v2\/product_brand?post=2791"},{"taxonomy":"product_cat","embeddable":true,"href":"https:\/\/avyness.com\/de\/wp-json\/wp\/v2\/product_cat?post=2791"},{"taxonomy":"product_tag","embeddable":true,"href":"https:\/\/avyness.com\/de\/wp-json\/wp\/v2\/product_tag?post=2791"}],"curies":[{"name":"wp","href":"https:\/\/api.w.org\/{rel}","templated":true}]}}