{"id":2798,"date":"2025-08-05T12:59:55","date_gmt":"2025-08-05T12:59:55","guid":{"rendered":"https:\/\/avyness.com\/product\/zylindrische-glasvase-mit-unregelmaessiger-form-wie-schwarzes-holz-abu30gr\/"},"modified":"2025-08-08T15:33:30","modified_gmt":"2025-08-08T15:33:30","slug":"zylindrische-glasvase-mit-unregelmaessiger-form-wie-schwarzes-holz-abu30gr","status":"publish","type":"product","link":"https:\/\/avyness.com\/de\/produkt\/zylindrische-glasvase-mit-unregelmaessiger-form-wie-schwarzes-holz-abu30gr\/","title":{"rendered":"Zylindrische Glasvase mit unregelm\u00e4\u00dfiger Form, wie schwarzes Holz. ABU30GR"},"content":{"rendered":"<p>Die Serie ABUJA besteht aus dickem Glas mit einer unregelm\u00e4\u00dfigen Form aus Holz und macht die klassische zylindrische Vase noch aufregender. Das dunkelgraue Glas mit einer St\u00e4rke von 9 mm bringt die Kurven besonders gut zur Geltung. Der Name ABUDJA scheint perfekt zu passen, afrikanisches Holz, solide, robust. Diese hier ist 30 cm hoch.<br \/>\nBreite: 15cm<br \/>\nH\u00f6he: 30cm<br \/>\nL\u00e4nge: 15cm<br \/>\nDurchmesser: 15cm<br \/>\nVolumen: 1.5L<br \/>\nGewicht: 3100g<br \/>\nMaterialien: Glas, Glas, Holz   <\/p>\n<p>&nbsp;<\/p>\n","protected":false},"excerpt":{"rendered":"<p>Die Serie ABUJA besteht aus dickem Glas mit einer unregelm\u00e4\u00dfigen Form aus Holz und macht die klassische zylindrische Vase noch aufregender. Das dunkelgraue Glas mit einer St\u00e4rke von 9 mm bringt die Kurven besonders gut zur Geltung. Der Name ABUDJA scheint perfekt zu passen, afrikanisches Holz, solide, robust. Diese hier ist 30 cm hoch. Breite: [&hellip;]<\/p>\n","protected":false},"featured_media":2602,"comment_status":"open","ping_status":"closed","template":"","meta":{"_et_pb_use_builder":"","_et_pb_old_content":"","_et_gb_content_width":""},"product_brand":[],"product_cat":[135,255],"product_tag":[],"class_list":{"0":"post-2798","1":"product","2":"type-product","3":"status-publish","4":"has-post-thumbnail","6":"product_cat-alle-produkte","7":"product_cat-deko","9":"first","10":"instock","11":"taxable","12":"shipping-taxable","13":"purchasable","14":"product-type-simple"},"jetpack_sharing_enabled":true,"_links":{"self":[{"href":"https:\/\/avyness.com\/de\/wp-json\/wp\/v2\/product\/2798","targetHints":{"allow":["GET"]}}],"collection":[{"href":"https:\/\/avyness.com\/de\/wp-json\/wp\/v2\/product"}],"about":[{"href":"https:\/\/avyness.com\/de\/wp-json\/wp\/v2\/types\/product"}],"replies":[{"embeddable":true,"href":"https:\/\/avyness.com\/de\/wp-json\/wp\/v2\/comments?post=2798"}],"wp:featuredmedia":[{"embeddable":true,"href":"https:\/\/avyness.com\/de\/wp-json\/wp\/v2\/media\/2602"}],"wp:attachment":[{"href":"https:\/\/avyness.com\/de\/wp-json\/wp\/v2\/media?parent=2798"}],"wp:term":[{"taxonomy":"product_brand","embeddable":true,"href":"https:\/\/avyness.com\/de\/wp-json\/wp\/v2\/product_brand?post=2798"},{"taxonomy":"product_cat","embeddable":true,"href":"https:\/\/avyness.com\/de\/wp-json\/wp\/v2\/product_cat?post=2798"},{"taxonomy":"product_tag","embeddable":true,"href":"https:\/\/avyness.com\/de\/wp-json\/wp\/v2\/product_tag?post=2798"}],"curies":[{"name":"wp","href":"https:\/\/api.w.org\/{rel}","templated":true}]}}