{"id":2800,"date":"2025-08-05T12:51:28","date_gmt":"2025-08-05T12:51:28","guid":{"rendered":"https:\/\/avyness.com\/product\/vase-aus-dickem-glas-im-retro-stil-xxl-serie-tyler-46am-9mm-dickes-glas-luxusausfuehrung\/"},"modified":"2025-08-08T15:33:25","modified_gmt":"2025-08-08T15:33:25","slug":"vase-aus-dickem-glas-im-retro-stil-xxl-serie-tyler-46am-9mm-dickes-glas-luxusausfuehrung","status":"publish","type":"product","link":"https:\/\/avyness.com\/de\/produkt\/vase-aus-dickem-glas-im-retro-stil-xxl-serie-tyler-46am-9mm-dickes-glas-luxusausfuehrung\/","title":{"rendered":"Vase aus dickem Glas im Retro-Stil XXL, Serie: TYLER 46AM, 9mm dickes Glas, Luxusausf\u00fchrung"},"content":{"rendered":"<p>Die Retro-Mode aus der Zeit des Art d\u00e9co ist wieder in Mode gekommen. Wir haben diese Serie entworfen, um diese Art Deco-Verbindung sehr deutlich zu machen, und die Farben, sicherlich das AMBER, helfen dabei. Die Kombination der kleineren Vasen mit der grazi\u00f6sen TYL46 (XL-Gr\u00f6\u00dfe!) macht sie zu einem Blickfang in jedem Raum. Das dicke Glas verleiht ihnen Reichtum in Farbe und Verarbeitung., Farbe: AM = Amber<br \/>\nBreite: 22cm<br \/>\nH\u00f6he: 46cm<br \/>\nL\u00e4nge: 22cm<br \/>\nDurchmesser: 22cm<br \/>\nGewicht: 4450g<br \/>\nMaterialien: Crystallinne, Glas, Glas<\/p>\n<p>&nbsp;<\/p>\n","protected":false},"excerpt":{"rendered":"<p>Die Retro-Mode aus der Zeit des Art d\u00e9co ist wieder in Mode gekommen. Wir haben diese Serie entworfen, um diese Art Deco-Verbindung sehr deutlich zu machen, und die Farben, sicherlich das AMBER, helfen dabei. Die Kombination der kleineren Vasen mit der grazi\u00f6sen TYL46 (XL-Gr\u00f6\u00dfe!) macht sie zu einem Blickfang in jedem Raum. Das dicke Glas [&hellip;]<\/p>\n","protected":false},"featured_media":2391,"comment_status":"open","ping_status":"closed","template":"","meta":{"_et_pb_use_builder":"","_et_pb_old_content":"","_et_gb_content_width":""},"product_brand":[],"product_cat":[135,255],"product_tag":[],"class_list":{"0":"post-2800","1":"product","2":"type-product","3":"status-publish","4":"has-post-thumbnail","6":"product_cat-alle-produkte","7":"product_cat-deko","9":"first","10":"instock","11":"taxable","12":"shipping-taxable","13":"purchasable","14":"product-type-simple"},"jetpack_sharing_enabled":true,"_links":{"self":[{"href":"https:\/\/avyness.com\/de\/wp-json\/wp\/v2\/product\/2800","targetHints":{"allow":["GET"]}}],"collection":[{"href":"https:\/\/avyness.com\/de\/wp-json\/wp\/v2\/product"}],"about":[{"href":"https:\/\/avyness.com\/de\/wp-json\/wp\/v2\/types\/product"}],"replies":[{"embeddable":true,"href":"https:\/\/avyness.com\/de\/wp-json\/wp\/v2\/comments?post=2800"}],"wp:featuredmedia":[{"embeddable":true,"href":"https:\/\/avyness.com\/de\/wp-json\/wp\/v2\/media\/2391"}],"wp:attachment":[{"href":"https:\/\/avyness.com\/de\/wp-json\/wp\/v2\/media?parent=2800"}],"wp:term":[{"taxonomy":"product_brand","embeddable":true,"href":"https:\/\/avyness.com\/de\/wp-json\/wp\/v2\/product_brand?post=2800"},{"taxonomy":"product_cat","embeddable":true,"href":"https:\/\/avyness.com\/de\/wp-json\/wp\/v2\/product_cat?post=2800"},{"taxonomy":"product_tag","embeddable":true,"href":"https:\/\/avyness.com\/de\/wp-json\/wp\/v2\/product_tag?post=2800"}],"curies":[{"name":"wp","href":"https:\/\/api.w.org\/{rel}","templated":true}]}}