{"id":2802,"date":"2025-08-05T12:59:54","date_gmt":"2025-08-05T12:59:54","guid":{"rendered":"https:\/\/avyness.com\/product\/neu-modernes-high-end-keramik-langschild-ostwest-ota50\/"},"modified":"2025-08-08T15:33:33","modified_gmt":"2025-08-08T15:33:33","slug":"neu-modernes-high-end-keramik-langschild-ostwest-ota50","status":"publish","type":"product","link":"https:\/\/avyness.com\/de\/produkt\/neu-modernes-high-end-keramik-langschild-ostwest-ota50\/","title":{"rendered":"Neu Modernes High-End-Keramik-Langschild Ost+West, OTA50"},"content":{"rendered":"<p>Element Accessories steht f\u00fcr die Verschmelzung von europ\u00e4ischem und chinesischem Know-How in Design und Produktionstechniken. Diese Serie wurde von einem aufstrebenden chinesischen Designtalent entworfen: SUNs, dem fr\u00fcheren Gewinner des Red-Dot Award. Das Ziel ist es, einen neuen, modernen chinesischen Stil mit einer neuen und einzigartigen Identit\u00e4t zu verbreiten, &#8222;von Made in China zu Designed in China&#8220;. Die OTARU-Serie verbindet in der \u00c4sthetik die Traditionen der Song-Dynastie (siehe: die Form und die winzigen Bronzebeine) mit modernem Minimalismus; in der Technik: T\u00f6pferhandwerk und werkseigene Herstellung von speziell importiertem, hochtemperaturbest\u00e4ndigem Ton; in der Verarbeitung: eine Mineralglasur mit nat\u00fcrlichem Erz, die gekonnt im Ofen gebrannt wird (1360 Grad), um ein nat\u00fcrliches Aussehen und eine Haptik von Bronze zu erreichen, die zu dunklem Ton \u00fcbergeht.<br \/>\nMehr als 1 Jahr Forschung und mehrere Spezialisten waren n\u00f6tig, um dieses Ergebnis zu erzielen, insbesondere das bronze-schwarze Finish war schwer zu erreichen.<br \/>\nBreite: 20,5cm<br \/>\nH\u00f6he: 20,5cm<br \/>\nL\u00e4nge: 2,76cm<br \/>\nGewicht: 1850g<br \/>\nMaterialien: Keramik, Steingut, Porzellan, Keramisch   <\/p>\n","protected":false},"excerpt":{"rendered":"<p>Element Accessories steht f\u00fcr die Verschmelzung von europ\u00e4ischem und chinesischem Know-How in Design und Produktionstechniken. Diese Serie wurde von einem aufstrebenden chinesischen Designtalent entworfen: SUNs, dem fr\u00fcheren Gewinner des Red-Dot Award. Das Ziel ist es, einen neuen, modernen chinesischen Stil mit einer neuen und einzigartigen Identit\u00e4t zu verbreiten, &#8222;von Made in China zu Designed in [&hellip;]<\/p>\n","protected":false},"featured_media":2590,"comment_status":"open","ping_status":"closed","template":"","meta":{"_et_pb_use_builder":"","_et_pb_old_content":"","_et_gb_content_width":""},"product_brand":[],"product_cat":[135,255],"product_tag":[],"class_list":{"0":"post-2802","1":"product","2":"type-product","3":"status-publish","4":"has-post-thumbnail","6":"product_cat-alle-produkte","7":"product_cat-deko","9":"first","10":"instock","11":"taxable","12":"shipping-taxable","13":"purchasable","14":"product-type-simple"},"jetpack_sharing_enabled":true,"_links":{"self":[{"href":"https:\/\/avyness.com\/de\/wp-json\/wp\/v2\/product\/2802","targetHints":{"allow":["GET"]}}],"collection":[{"href":"https:\/\/avyness.com\/de\/wp-json\/wp\/v2\/product"}],"about":[{"href":"https:\/\/avyness.com\/de\/wp-json\/wp\/v2\/types\/product"}],"replies":[{"embeddable":true,"href":"https:\/\/avyness.com\/de\/wp-json\/wp\/v2\/comments?post=2802"}],"wp:featuredmedia":[{"embeddable":true,"href":"https:\/\/avyness.com\/de\/wp-json\/wp\/v2\/media\/2590"}],"wp:attachment":[{"href":"https:\/\/avyness.com\/de\/wp-json\/wp\/v2\/media?parent=2802"}],"wp:term":[{"taxonomy":"product_brand","embeddable":true,"href":"https:\/\/avyness.com\/de\/wp-json\/wp\/v2\/product_brand?post=2802"},{"taxonomy":"product_cat","embeddable":true,"href":"https:\/\/avyness.com\/de\/wp-json\/wp\/v2\/product_cat?post=2802"},{"taxonomy":"product_tag","embeddable":true,"href":"https:\/\/avyness.com\/de\/wp-json\/wp\/v2\/product_tag?post=2802"}],"curies":[{"name":"wp","href":"https:\/\/api.w.org\/{rel}","templated":true}]}}