{"id":4959,"date":"2025-08-11T19:48:31","date_gmt":"2025-08-11T19:48:31","guid":{"rendered":"https:\/\/avyness.com\/product\/the-hi-matata-couchtisch-schwarz\/"},"modified":"2025-08-12T19:56:04","modified_gmt":"2025-08-12T19:56:04","slug":"the-hi-matata-couchtisch-schwarz","status":"publish","type":"product","link":"https:\/\/avyness.com\/de\/produkt\/the-hi-matata-couchtisch-schwarz\/","title":{"rendered":"Der Hi Matata Couchtisch - Schwarz"},"content":{"rendered":"<p>Das Design des Hi Matata Couchtisches ist von der Sch\u00f6nheit und Gelassenheit der Natur inspiriert und f\u00fcgt sich nahtlos in verschiedene Einrichtungsstile ein, von rustikal bis modern. Sein vielseitiger Look macht ihn zum perfekten Mittelpunkt Ihres Wohnzimmers und verleiht ihm einen Hauch von Raffinesse und nat\u00fcrlicher Eleganz.<br \/>\nDie glatte, polierte Oberfl\u00e4che eignet sich perfekt, um Ihre Lieblingsb\u00fccher und Dekorationsgegenst\u00e4nde zu pr\u00e4sentieren oder Kaffee und Snacks f\u00fcr G\u00e4ste zu servieren.<br \/>\nSuarholz variiert immer in Ton, Farbe und Muster. Holz ist ein lebendiges Material, das sich ausdehnt und zusammenzieht, wodurch Risse und \u00c4ste entstehen. Wir ergreifen w\u00e4hrend des Transports und in unserem Lager Ma\u00dfnahmen, um Suar-Holzartikel zu trocknen und zu beschichten, aber es kann immer noch tief im Inneren Feuchtigkeit enthalten, die mit der Zeit austreten kann.<br \/>\nBreite: 70cm<br \/>\nH\u00f6he: 45cm<br \/>\nL\u00e4nge: 70cm<br \/>\nGewicht: 31500.00g   <\/p>\n","protected":false},"excerpt":{"rendered":"<p>Das Design des Hi Matata Couchtisches ist von der Sch\u00f6nheit und Gelassenheit der Natur inspiriert und f\u00fcgt sich nahtlos in verschiedene Einrichtungsstile ein, von rustikal bis modern. Sein vielseitiger Look macht ihn zum perfekten Mittelpunkt Ihres Wohnzimmers und verleiht ihm einen Hauch von Raffinesse und nat\u00fcrlicher Eleganz. Die glatte, polierte Oberfl\u00e4che eignet sich perfekt, um [&hellip;]<\/p>\n","protected":false},"featured_media":4863,"comment_status":"open","ping_status":"closed","template":"","meta":{"_et_pb_use_builder":"","_et_pb_old_content":"","_et_gb_content_width":""},"product_brand":[],"product_cat":[135,255],"product_tag":[],"class_list":{"0":"post-4959","1":"product","2":"type-product","3":"status-publish","4":"has-post-thumbnail","6":"product_cat-alle-produkte","7":"product_cat-deko","9":"first","10":"instock","11":"taxable","12":"shipping-taxable","13":"purchasable","14":"product-type-simple"},"jetpack_sharing_enabled":true,"_links":{"self":[{"href":"https:\/\/avyness.com\/de\/wp-json\/wp\/v2\/product\/4959","targetHints":{"allow":["GET"]}}],"collection":[{"href":"https:\/\/avyness.com\/de\/wp-json\/wp\/v2\/product"}],"about":[{"href":"https:\/\/avyness.com\/de\/wp-json\/wp\/v2\/types\/product"}],"replies":[{"embeddable":true,"href":"https:\/\/avyness.com\/de\/wp-json\/wp\/v2\/comments?post=4959"}],"wp:featuredmedia":[{"embeddable":true,"href":"https:\/\/avyness.com\/de\/wp-json\/wp\/v2\/media\/4863"}],"wp:attachment":[{"href":"https:\/\/avyness.com\/de\/wp-json\/wp\/v2\/media?parent=4959"}],"wp:term":[{"taxonomy":"product_brand","embeddable":true,"href":"https:\/\/avyness.com\/de\/wp-json\/wp\/v2\/product_brand?post=4959"},{"taxonomy":"product_cat","embeddable":true,"href":"https:\/\/avyness.com\/de\/wp-json\/wp\/v2\/product_cat?post=4959"},{"taxonomy":"product_tag","embeddable":true,"href":"https:\/\/avyness.com\/de\/wp-json\/wp\/v2\/product_tag?post=4959"}],"curies":[{"name":"wp","href":"https:\/\/api.w.org\/{rel}","templated":true}]}}