{"id":4961,"date":"2025-08-11T19:48:31","date_gmt":"2025-08-11T19:48:31","guid":{"rendered":"https:\/\/avyness.com\/product\/the-tutup-couchtisch-schwarz\/"},"modified":"2025-08-12T19:55:12","modified_gmt":"2025-08-12T19:55:12","slug":"the-tutup-couchtisch-schwarz","status":"publish","type":"product","link":"https:\/\/avyness.com\/de\/produkt\/the-tutup-couchtisch-schwarz\/","title":{"rendered":"Der Tutup Couchtisch - Schwarz"},"content":{"rendered":"<p>Wir pr\u00e4sentieren den Tutup Couchtisch, ein atemberaubendes St\u00fcck, das von der anmutigen Form einer Qualle inspiriert ist. Der Tisch ist aus wundersch\u00f6nem Suar-Holz gefertigt und zeichnet sich durch weiche Kurven und ein flie\u00dfendes Design aus, das einen Hauch von Laune in Ihren Wohnbereich bringt. Seine einzigartige Form macht ihn zu einem auff\u00e4lligen Blickfang, auf dem Sie Ihren Kaffee, Ihre B\u00fccher oder Dekorationsgegenst\u00e4nde abstellen k\u00f6nnen.<br \/>\nSuarholz variiert immer in Ton, Farbe und Muster. Holz ist ein lebendiges Material, das sich ausdehnt und zusammenzieht und dadurch Risse und \u00c4ste verursacht. Wir ergreifen w\u00e4hrend des Transports und in unserem Lager Ma\u00dfnahmen, um Suar-Holzartikel zu trocknen und zu beschichten, aber es kann immer noch Feuchtigkeit enthalten, die mit der Zeit austreten kann.<br \/>\nBreite: 60cm<br \/>\nH\u00f6he: 45cm<br \/>\nL\u00e4nge: 60cm<br \/>\nGewicht: 65500.00g    <\/p>\n","protected":false},"excerpt":{"rendered":"<p>Wir pr\u00e4sentieren den Tutup Couchtisch, ein atemberaubendes St\u00fcck, das von der anmutigen Form einer Qualle inspiriert ist. Der Tisch ist aus wundersch\u00f6nem Suar-Holz gefertigt und zeichnet sich durch weiche Kurven und ein flie\u00dfendes Design aus, das einen Hauch von Laune in Ihren Wohnbereich bringt. Seine einzigartige Form macht ihn zu einem auff\u00e4lligen Blickfang, auf dem [&hellip;]<\/p>\n","protected":false},"featured_media":4865,"comment_status":"open","ping_status":"closed","template":"","meta":{"_et_pb_use_builder":"","_et_pb_old_content":"","_et_gb_content_width":""},"product_brand":[],"product_cat":[135,255],"product_tag":[],"class_list":{"0":"post-4961","1":"product","2":"type-product","3":"status-publish","4":"has-post-thumbnail","6":"product_cat-alle-produkte","7":"product_cat-deko","9":"first","10":"instock","11":"taxable","12":"shipping-taxable","13":"purchasable","14":"product-type-simple"},"jetpack_sharing_enabled":true,"_links":{"self":[{"href":"https:\/\/avyness.com\/de\/wp-json\/wp\/v2\/product\/4961","targetHints":{"allow":["GET"]}}],"collection":[{"href":"https:\/\/avyness.com\/de\/wp-json\/wp\/v2\/product"}],"about":[{"href":"https:\/\/avyness.com\/de\/wp-json\/wp\/v2\/types\/product"}],"replies":[{"embeddable":true,"href":"https:\/\/avyness.com\/de\/wp-json\/wp\/v2\/comments?post=4961"}],"wp:featuredmedia":[{"embeddable":true,"href":"https:\/\/avyness.com\/de\/wp-json\/wp\/v2\/media\/4865"}],"wp:attachment":[{"href":"https:\/\/avyness.com\/de\/wp-json\/wp\/v2\/media?parent=4961"}],"wp:term":[{"taxonomy":"product_brand","embeddable":true,"href":"https:\/\/avyness.com\/de\/wp-json\/wp\/v2\/product_brand?post=4961"},{"taxonomy":"product_cat","embeddable":true,"href":"https:\/\/avyness.com\/de\/wp-json\/wp\/v2\/product_cat?post=4961"},{"taxonomy":"product_tag","embeddable":true,"href":"https:\/\/avyness.com\/de\/wp-json\/wp\/v2\/product_tag?post=4961"}],"curies":[{"name":"wp","href":"https:\/\/api.w.org\/{rel}","templated":true}]}}