{"id":5472,"date":"2025-08-14T20:59:42","date_gmt":"2025-08-14T20:59:42","guid":{"rendered":"https:\/\/avyness.com\/product\/die-ifefe-obstschale-natural\/"},"modified":"2025-08-21T17:41:45","modified_gmt":"2025-08-21T17:41:45","slug":"die-ifefe-obstschale-natural","status":"publish","type":"product","link":"https:\/\/avyness.com\/de\/produkt\/die-ifefe-obstschale-natural\/","title":{"rendered":"Die Ifefe Obstschale - Natural"},"content":{"rendered":"<p>Pr\u00e4sentieren Sie Ihre Fr\u00fcchte stilvoll mit der Ifefe Obstschale, die aus Teakholz handgefertigt ist. Der Name &#8222;Ifefe&#8220;, der auf Yoruba &#8222;Gem\u00fctlichkeit&#8220; bedeutet, spiegelt das warme, einladende Design der Schale wider, das einen nat\u00fcrlichen Touch in Ihre K\u00fcche oder auf Ihren Esstisch bringt. Mit ihrer glatten Oberfl\u00e4che und den satten Holzt\u00f6nen eignet sich die Ifefe Obstschale perfekt zum Aufbewahren von frischem Obst, Snacks oder sogar als dekorativer Mittelpunkt in jedem Raum.<br \/>\nBreite: 32cm<br \/>\nH\u00f6he: 18cm<br \/>\nL\u00e4nge: 32cm<br \/>\nGewicht: 3430g  <\/p>\n","protected":false},"excerpt":{"rendered":"<p>Pr\u00e4sentieren Sie Ihre Fr\u00fcchte stilvoll mit der Ifefe Obstschale, die aus Teakholz handgefertigt ist. Der Name &#8222;Ifefe&#8220;, der auf Yoruba &#8222;Gem\u00fctlichkeit&#8220; bedeutet, spiegelt das warme, einladende Design der Schale wider, das einen nat\u00fcrlichen Touch in Ihre K\u00fcche oder auf Ihren Esstisch bringt. Mit ihrer glatten Oberfl\u00e4che und den satten Holzt\u00f6nen eignet sich die Ifefe Obstschale [&hellip;]<\/p>\n","protected":false},"featured_media":5109,"comment_status":"open","ping_status":"closed","template":"","meta":{"_et_pb_use_builder":"","_et_pb_old_content":"","_et_gb_content_width":""},"product_brand":[],"product_cat":[135,255],"product_tag":[],"class_list":{"0":"post-5472","1":"product","2":"type-product","3":"status-publish","4":"has-post-thumbnail","6":"product_cat-alle-produkte","7":"product_cat-deko","9":"first","10":"outofstock","11":"taxable","12":"shipping-taxable","13":"purchasable","14":"product-type-simple"},"jetpack_sharing_enabled":true,"_links":{"self":[{"href":"https:\/\/avyness.com\/de\/wp-json\/wp\/v2\/product\/5472","targetHints":{"allow":["GET"]}}],"collection":[{"href":"https:\/\/avyness.com\/de\/wp-json\/wp\/v2\/product"}],"about":[{"href":"https:\/\/avyness.com\/de\/wp-json\/wp\/v2\/types\/product"}],"replies":[{"embeddable":true,"href":"https:\/\/avyness.com\/de\/wp-json\/wp\/v2\/comments?post=5472"}],"wp:featuredmedia":[{"embeddable":true,"href":"https:\/\/avyness.com\/de\/wp-json\/wp\/v2\/media\/5109"}],"wp:attachment":[{"href":"https:\/\/avyness.com\/de\/wp-json\/wp\/v2\/media?parent=5472"}],"wp:term":[{"taxonomy":"product_brand","embeddable":true,"href":"https:\/\/avyness.com\/de\/wp-json\/wp\/v2\/product_brand?post=5472"},{"taxonomy":"product_cat","embeddable":true,"href":"https:\/\/avyness.com\/de\/wp-json\/wp\/v2\/product_cat?post=5472"},{"taxonomy":"product_tag","embeddable":true,"href":"https:\/\/avyness.com\/de\/wp-json\/wp\/v2\/product_tag?post=5472"}],"curies":[{"name":"wp","href":"https:\/\/api.w.org\/{rel}","templated":true}]}}