{"id":6379,"date":"2025-09-07T13:58:55","date_gmt":"2025-09-07T13:58:55","guid":{"rendered":"https:\/\/avyness.com\/product\/strelitzia-nicolai-130cm-o21cm-%e2%86%95130cm\/"},"modified":"2025-09-07T14:16:41","modified_gmt":"2025-09-07T14:16:41","slug":"strelitzia-nicolai-130cm-o21cm-%e2%86%95130cm","status":"publish","type":"product","link":"https:\/\/avyness.com\/de\/produkt\/strelitzia-nicolai-130cm-o21cm-%e2%86%95130cm\/","title":{"rendered":"Strelitzia Nicolai 130cm - \u00d821cm - \u2195130cm"},"content":{"rendered":"<p data-start=\"104\" data-end=\"401\"><strong data-start=\"104\" data-end=\"126\">Strelitzia nicolai<\/strong>, auch bekannt als Wei\u00dfer Paradiesvogel, ist eine auff\u00e4llige Zimmerpflanze, die f\u00fcr ihre gro\u00dfen, bananenartigen Bl\u00e4tter und ihre tropische Ausstrahlung bewundert wird. Sie stammt aus den K\u00fcstenregionen S\u00fcdafrikas und bringt einen eleganten, exotischen Touch in moderne Innenr\u00e4ume, Hotels und gro\u00dfz\u00fcgige Wohnbereiche. <\/p>\n<p data-start=\"403\" data-end=\"613\">Ihre breiten, gl\u00e4nzenden Bl\u00e4tter wachsen f\u00e4cherf\u00f6rmig und bilden auch ohne Bl\u00fcten ein \u00fcppiges, architektonisches Bild. Obwohl sie in Innenr\u00e4umen nur selten bl\u00fcht, ist sie allein durch ihr dramatisches Laub ein echter Blickfang. <\/p>\n<p data-start=\"615\" data-end=\"885\"><strong data-start=\"615\" data-end=\"624\">Pflege:<\/strong> Stellen Sie die Pflanze in helles, indirektes Licht, m\u00f6glichst mit ein paar Stunden direkter Sonne. Halten Sie den Boden leicht feucht, aber vermeiden Sie Staun\u00e4sse. Eine gut durchl\u00e4ssige, n\u00e4hrstoffreiche Mischung ist ideal. D\u00fcngen Sie w\u00e4hrend der Wachstumsperiode alle 2-3 Wochen mit einem ausgewogenen Zimmerpflanzend\u00fcnger.   <\/p>\n<p data-start=\"887\" data-end=\"1049\"><strong data-start=\"887\" data-end=\"907\">Gr\u00f6\u00dfe &amp; Lieferung:<\/strong> Wird in einem 21-cm-Topf geliefert, derzeit etwa 130 cm hoch.<br data-start=\"971\" data-end=\"974\">Eine langlebige, pflegeleichte Pflanze, die jedem Raum tropische Eleganz verleiht.<\/p>\n","protected":false},"excerpt":{"rendered":"<p>Strelitzia nicolai, auch bekannt als Wei\u00dfer Paradiesvogel, ist eine auff\u00e4llige Zimmerpflanze, die f\u00fcr ihre gro\u00dfen, bananenartigen Bl\u00e4tter und ihre tropische Ausstrahlung bewundert wird. Sie stammt aus den K\u00fcstenregionen S\u00fcdafrikas und bringt einen eleganten, exotischen Touch in moderne Innenr\u00e4ume, Hotels und gro\u00dfz\u00fcgige Wohnbereiche. Ihre breiten, gl\u00e4nzenden Bl\u00e4tter wachsen f\u00e4cherf\u00f6rmig und bilden auch ohne Bl\u00fcten ein \u00fcppiges, [&hellip;]<\/p>\n","protected":false},"featured_media":6306,"comment_status":"open","ping_status":"closed","template":"","meta":{"_et_pb_use_builder":"","_et_pb_old_content":"","_et_gb_content_width":""},"product_brand":[],"product_cat":[135,154],"product_tag":[],"class_list":{"0":"post-6379","1":"product","2":"type-product","3":"status-publish","4":"has-post-thumbnail","6":"product_cat-alle-produkte","7":"product_cat-pflanzen","9":"first","10":"instock","11":"taxable","12":"shipping-taxable","13":"purchasable","14":"product-type-simple"},"jetpack_sharing_enabled":true,"_links":{"self":[{"href":"https:\/\/avyness.com\/de\/wp-json\/wp\/v2\/product\/6379","targetHints":{"allow":["GET"]}}],"collection":[{"href":"https:\/\/avyness.com\/de\/wp-json\/wp\/v2\/product"}],"about":[{"href":"https:\/\/avyness.com\/de\/wp-json\/wp\/v2\/types\/product"}],"replies":[{"embeddable":true,"href":"https:\/\/avyness.com\/de\/wp-json\/wp\/v2\/comments?post=6379"}],"wp:featuredmedia":[{"embeddable":true,"href":"https:\/\/avyness.com\/de\/wp-json\/wp\/v2\/media\/6306"}],"wp:attachment":[{"href":"https:\/\/avyness.com\/de\/wp-json\/wp\/v2\/media?parent=6379"}],"wp:term":[{"taxonomy":"product_brand","embeddable":true,"href":"https:\/\/avyness.com\/de\/wp-json\/wp\/v2\/product_brand?post=6379"},{"taxonomy":"product_cat","embeddable":true,"href":"https:\/\/avyness.com\/de\/wp-json\/wp\/v2\/product_cat?post=6379"},{"taxonomy":"product_tag","embeddable":true,"href":"https:\/\/avyness.com\/de\/wp-json\/wp\/v2\/product_tag?post=6379"}],"curies":[{"name":"wp","href":"https:\/\/api.w.org\/{rel}","templated":true}]}}