{"id":6729,"date":"2025-09-25T19:00:11","date_gmt":"2025-09-25T19:00:11","guid":{"rendered":"https:\/\/avyness.com\/product\/luxury-9mm-glasvase-bernsteinfarben-tyler-25-im-retrostil\/"},"modified":"2025-10-02T17:04:37","modified_gmt":"2025-10-02T17:04:37","slug":"luxury-9mm-glasvase-bernsteinfarben-tyler-25-im-retrostil","status":"publish","type":"product","link":"https:\/\/avyness.com\/de\/produkt\/luxury-9mm-glasvase-bernsteinfarben-tyler-25-im-retrostil\/","title":{"rendered":"LUXURY 9mm Glasvase, bernsteinfarben: TYLER 25 im Retrostil"},"content":{"rendered":"<p>Dies ist eine luxuri\u00f6se Version aus 9mm dickem Glas ! wirklich beeindruckend zu halten&#8230;.<\/p>\n<p>Retro-Mode, der Art Deco-Periode ist wieder in Mode gekommen. Wir haben diese Serie entworfen, um diese Art Deco-Verbindung sehr deutlich zu machen, und die Farben, sicherlich das AMBER, helfen dabei. Die Kombination der kleineren Vasen mit der grazi\u00f6sen TYL46 (XL-Gr\u00f6\u00dfe!) macht sie zu einem Blickfang in jedem Raum. Das dicke Glas verleiht ihnen Reichtum in Farbe und Verarbeitung., Farbe: AM = Amber<br \/>\nBreite: 16,5cm<br \/>\nH\u00f6he: 25cm<br \/>\nL\u00e4nge: 16,5cm<br \/>\nDurchmesser: 25cm<br \/>\nVolumen: 3L<br \/>\nGewicht: 2800g<br \/>\nMaterialien: Crystallinne, Glas, Glas<\/p>\n","protected":false},"excerpt":{"rendered":"<p>Dies ist eine luxuri\u00f6se Version aus 9mm dickem Glas ! wirklich beeindruckend zu halten&#8230;. Retro-Mode, der Art Deco-Periode ist wieder in Mode gekommen. Wir haben diese Serie entworfen, um diese Art Deco-Verbindung sehr deutlich zu machen, und die Farben, sicherlich das AMBER, helfen dabei. Die Kombination der kleineren Vasen mit der grazi\u00f6sen TYL46 (XL-Gr\u00f6\u00dfe!) macht [&hellip;]<\/p>\n","protected":false},"featured_media":6644,"comment_status":"open","ping_status":"closed","template":"","meta":{"_et_pb_use_builder":"","_et_pb_old_content":"","_et_gb_content_width":""},"product_brand":[],"product_cat":[135,255],"product_tag":[],"class_list":{"0":"post-6729","1":"product","2":"type-product","3":"status-publish","4":"has-post-thumbnail","6":"product_cat-alle-produkte","7":"product_cat-deko","9":"first","10":"instock","11":"taxable","12":"shipping-taxable","13":"purchasable","14":"product-type-simple"},"jetpack_sharing_enabled":true,"_links":{"self":[{"href":"https:\/\/avyness.com\/de\/wp-json\/wp\/v2\/product\/6729","targetHints":{"allow":["GET"]}}],"collection":[{"href":"https:\/\/avyness.com\/de\/wp-json\/wp\/v2\/product"}],"about":[{"href":"https:\/\/avyness.com\/de\/wp-json\/wp\/v2\/types\/product"}],"replies":[{"embeddable":true,"href":"https:\/\/avyness.com\/de\/wp-json\/wp\/v2\/comments?post=6729"}],"wp:featuredmedia":[{"embeddable":true,"href":"https:\/\/avyness.com\/de\/wp-json\/wp\/v2\/media\/6644"}],"wp:attachment":[{"href":"https:\/\/avyness.com\/de\/wp-json\/wp\/v2\/media?parent=6729"}],"wp:term":[{"taxonomy":"product_brand","embeddable":true,"href":"https:\/\/avyness.com\/de\/wp-json\/wp\/v2\/product_brand?post=6729"},{"taxonomy":"product_cat","embeddable":true,"href":"https:\/\/avyness.com\/de\/wp-json\/wp\/v2\/product_cat?post=6729"},{"taxonomy":"product_tag","embeddable":true,"href":"https:\/\/avyness.com\/de\/wp-json\/wp\/v2\/product_tag?post=6729"}],"curies":[{"name":"wp","href":"https:\/\/api.w.org\/{rel}","templated":true}]}}