{"id":6730,"date":"2025-09-25T19:01:20","date_gmt":"2025-09-25T19:01:20","guid":{"rendered":"https:\/\/avyness.com\/product\/runde-konische-vase-oder-schale-farbe-tiefes-tintenblau-alain\/"},"modified":"2025-10-02T17:29:02","modified_gmt":"2025-10-02T17:29:02","slug":"runde-konische-vase-oder-schale-farbe-tiefes-tintenblau-alain","status":"publish","type":"product","link":"https:\/\/avyness.com\/de\/produkt\/runde-konische-vase-oder-schale-farbe-tiefes-tintenblau-alain\/","title":{"rendered":"Runde konische Vase oder Schale, Farbe tiefes Tintenblau: ALAIN"},"content":{"rendered":"<p>Wundersch\u00f6n geformte Schalen, als ob eine Glasvase gedreht und abgeflacht wurde. Sehr dickes Glas und eine sch\u00f6ne elliptische W\u00f6lbung. Diese Serie wurde im Haus entworfen und nach dem Vater unseres Designers benannt. Der hohe Boden aus klarem, schwerem Glas sorgt f\u00fcr einen soliden Stand, doch einige Floristen haben sie auch auf die Seite gelegt. , Farbe: IB = Ink Blue 9mm Glas, abgerundeter Rand<br \/>\nH\u00f6he: 6cm<br \/>\nDurchmesser: 32cm<br \/>\nGewicht: 2300g<br \/>\nMaterialien: Crystallinne, Glas, Tinte, Glas    <\/p>\n","protected":false},"excerpt":{"rendered":"<p>Wundersch\u00f6n geformte Schalen, als ob eine Glasvase gedreht und abgeflacht wurde. Sehr dickes Glas und eine sch\u00f6ne elliptische W\u00f6lbung. Diese Serie wurde im Haus entworfen und nach dem Vater unseres Designers benannt. Der hohe Boden aus klarem, schwerem Glas sorgt f\u00fcr einen soliden Stand, doch einige Floristen haben sie auch auf die Seite gelegt. , [&hellip;]<\/p>\n","protected":false},"featured_media":6657,"comment_status":"open","ping_status":"closed","template":"","meta":{"_et_pb_use_builder":"","_et_pb_old_content":"","_et_gb_content_width":""},"product_brand":[],"product_cat":[135,255],"product_tag":[],"class_list":{"0":"post-6730","1":"product","2":"type-product","3":"status-publish","4":"has-post-thumbnail","6":"product_cat-alle-produkte","7":"product_cat-deko","9":"first","10":"instock","11":"taxable","12":"shipping-taxable","13":"purchasable","14":"product-type-simple"},"jetpack_sharing_enabled":true,"_links":{"self":[{"href":"https:\/\/avyness.com\/de\/wp-json\/wp\/v2\/product\/6730","targetHints":{"allow":["GET"]}}],"collection":[{"href":"https:\/\/avyness.com\/de\/wp-json\/wp\/v2\/product"}],"about":[{"href":"https:\/\/avyness.com\/de\/wp-json\/wp\/v2\/types\/product"}],"replies":[{"embeddable":true,"href":"https:\/\/avyness.com\/de\/wp-json\/wp\/v2\/comments?post=6730"}],"wp:featuredmedia":[{"embeddable":true,"href":"https:\/\/avyness.com\/de\/wp-json\/wp\/v2\/media\/6657"}],"wp:attachment":[{"href":"https:\/\/avyness.com\/de\/wp-json\/wp\/v2\/media?parent=6730"}],"wp:term":[{"taxonomy":"product_brand","embeddable":true,"href":"https:\/\/avyness.com\/de\/wp-json\/wp\/v2\/product_brand?post=6730"},{"taxonomy":"product_cat","embeddable":true,"href":"https:\/\/avyness.com\/de\/wp-json\/wp\/v2\/product_cat?post=6730"},{"taxonomy":"product_tag","embeddable":true,"href":"https:\/\/avyness.com\/de\/wp-json\/wp\/v2\/product_tag?post=6730"}],"curies":[{"name":"wp","href":"https:\/\/api.w.org\/{rel}","templated":true}]}}