{"id":7042,"date":"2025-10-24T19:09:24","date_gmt":"2025-10-24T19:09:24","guid":{"rendered":"https:\/\/avyness.com\/product\/the-colonial-aufbewahrungskorb-naturbraun-m\/"},"modified":"2025-10-24T19:16:05","modified_gmt":"2025-10-24T19:16:05","slug":"the-colonial-aufbewahrungskorb-naturbraun-m","status":"publish","type":"product","link":"https:\/\/avyness.com\/de\/produkt\/the-colonial-aufbewahrungskorb-naturbraun-m\/","title":{"rendered":"The Colonial Aufbewahrungskorb - Naturbraun - M"},"content":{"rendered":"<p>Diese mit Sorgfalt aus Rattan gefertigten K\u00f6rbe bieten einen Hauch von klassischer Eleganz. Sie sind in zwei Gr\u00f6\u00dfen erh\u00e4ltlich, um Ihren Aufbewahrungsbed\u00fcrfnissen gerecht zu werden und bringen sowohl Stil als auch Funktion in Ihr Zuhause. Die tiefbraunen Akzente und die detaillierten Muster machen diese K\u00f6rbe zu einem atemberaubenden Designerst\u00fcck, das Sie tats\u00e4chlich benutzen k\u00f6nnen!<br \/>\nBreite: 35cm<br \/>\nH\u00f6he: 40cm<br \/>\nL\u00e4nge: 35cm<br \/>\nGewicht: 920g<br \/>\nMaterialien: Rattan  <\/p>\n","protected":false},"excerpt":{"rendered":"<p>Diese mit Sorgfalt aus Rattan gefertigten K\u00f6rbe bieten einen Hauch von klassischer Eleganz. Sie sind in zwei Gr\u00f6\u00dfen erh\u00e4ltlich, um Ihren Aufbewahrungsbed\u00fcrfnissen gerecht zu werden und bringen sowohl Stil als auch Funktion in Ihr Zuhause. Die tiefbraunen Akzente und die detaillierten Muster machen diese K\u00f6rbe zu einem atemberaubenden Designerst\u00fcck, das Sie tats\u00e4chlich benutzen k\u00f6nnen! Breite: [&hellip;]<\/p>\n","protected":false},"featured_media":7007,"comment_status":"open","ping_status":"closed","template":"","meta":{"_et_pb_use_builder":"","_et_pb_old_content":"","_et_gb_content_width":""},"product_brand":[],"product_cat":[135,255],"product_tag":[],"class_list":{"0":"post-7042","1":"product","2":"type-product","3":"status-publish","4":"has-post-thumbnail","6":"product_cat-alle-produkte","7":"product_cat-deko","9":"first","10":"outofstock","11":"taxable","12":"shipping-taxable","13":"purchasable","14":"product-type-simple"},"jetpack_sharing_enabled":true,"_links":{"self":[{"href":"https:\/\/avyness.com\/de\/wp-json\/wp\/v2\/product\/7042","targetHints":{"allow":["GET"]}}],"collection":[{"href":"https:\/\/avyness.com\/de\/wp-json\/wp\/v2\/product"}],"about":[{"href":"https:\/\/avyness.com\/de\/wp-json\/wp\/v2\/types\/product"}],"replies":[{"embeddable":true,"href":"https:\/\/avyness.com\/de\/wp-json\/wp\/v2\/comments?post=7042"}],"wp:featuredmedia":[{"embeddable":true,"href":"https:\/\/avyness.com\/de\/wp-json\/wp\/v2\/media\/7007"}],"wp:attachment":[{"href":"https:\/\/avyness.com\/de\/wp-json\/wp\/v2\/media?parent=7042"}],"wp:term":[{"taxonomy":"product_brand","embeddable":true,"href":"https:\/\/avyness.com\/de\/wp-json\/wp\/v2\/product_brand?post=7042"},{"taxonomy":"product_cat","embeddable":true,"href":"https:\/\/avyness.com\/de\/wp-json\/wp\/v2\/product_cat?post=7042"},{"taxonomy":"product_tag","embeddable":true,"href":"https:\/\/avyness.com\/de\/wp-json\/wp\/v2\/product_tag?post=7042"}],"curies":[{"name":"wp","href":"https:\/\/api.w.org\/{rel}","templated":true}]}}