{"id":7163,"date":"2025-10-24T19:20:58","date_gmt":"2025-10-24T19:20:58","guid":{"rendered":"https:\/\/avyness.com\/product\/der-waeschekorb-im-colonial-stil-naturbraun-xl\/"},"modified":"2025-10-24T19:38:28","modified_gmt":"2025-10-24T19:38:28","slug":"der-waeschekorb-im-colonial-stil-naturbraun-xl","status":"publish","type":"product","link":"https:\/\/avyness.com\/de\/produkt\/der-waeschekorb-im-colonial-stil-naturbraun-xl\/","title":{"rendered":"Der W\u00e4schekorb im Colonial-Stil - Naturbraun - XL"},"content":{"rendered":"<p>Dieser einzigartige, handgeflochtene W\u00e4schekorb aus Rattan mit Deckel ist ein wundersch\u00f6nes Dekorationsst\u00fcck, das jedem Interieur einen ethnischen Chic verleiht. Sehr praktisch, um Ihre W\u00e4sche aufzubewahren, als Handtuchhalter im Badezimmer oder zur Aufbewahrung von Spielzeug im Wohnbereich oder Kinderzimmer. Ein sch\u00f6ner Allrounder, um Ihr Zuhause zu entr\u00fcmpeln.<br \/>\nBreite: 50cm<br \/>\nH\u00f6he: 90cm<br \/>\nL\u00e4nge: 50cm<br \/>\nGewicht: 3500g<br \/>\nMaterialien: Rattan  <\/p>\n","protected":false},"excerpt":{"rendered":"<p>Dieser einzigartige, handgeflochtene W\u00e4schekorb aus Rattan mit Deckel ist ein wundersch\u00f6nes Dekorationsst\u00fcck, das jedem Interieur einen ethnischen Chic verleiht. Sehr praktisch, um Ihre W\u00e4sche aufzubewahren, als Handtuchhalter im Badezimmer oder zur Aufbewahrung von Spielzeug im Wohnbereich oder Kinderzimmer. Ein sch\u00f6ner Allrounder, um Ihr Zuhause zu entr\u00fcmpeln. Breite: 50cm H\u00f6he: 90cm L\u00e4nge: 50cm Gewicht: 3500g Materialien: [&hellip;]<\/p>\n","protected":false},"featured_media":7115,"comment_status":"open","ping_status":"closed","template":"","meta":{"_et_pb_use_builder":"","_et_pb_old_content":"","_et_gb_content_width":""},"product_brand":[],"product_cat":[135,255],"product_tag":[],"class_list":{"0":"post-7163","1":"product","2":"type-product","3":"status-publish","4":"has-post-thumbnail","6":"product_cat-alle-produkte","7":"product_cat-deko","9":"first","10":"instock","11":"taxable","12":"shipping-taxable","13":"purchasable","14":"product-type-simple"},"jetpack_sharing_enabled":true,"_links":{"self":[{"href":"https:\/\/avyness.com\/de\/wp-json\/wp\/v2\/product\/7163","targetHints":{"allow":["GET"]}}],"collection":[{"href":"https:\/\/avyness.com\/de\/wp-json\/wp\/v2\/product"}],"about":[{"href":"https:\/\/avyness.com\/de\/wp-json\/wp\/v2\/types\/product"}],"replies":[{"embeddable":true,"href":"https:\/\/avyness.com\/de\/wp-json\/wp\/v2\/comments?post=7163"}],"wp:featuredmedia":[{"embeddable":true,"href":"https:\/\/avyness.com\/de\/wp-json\/wp\/v2\/media\/7115"}],"wp:attachment":[{"href":"https:\/\/avyness.com\/de\/wp-json\/wp\/v2\/media?parent=7163"}],"wp:term":[{"taxonomy":"product_brand","embeddable":true,"href":"https:\/\/avyness.com\/de\/wp-json\/wp\/v2\/product_brand?post=7163"},{"taxonomy":"product_cat","embeddable":true,"href":"https:\/\/avyness.com\/de\/wp-json\/wp\/v2\/product_cat?post=7163"},{"taxonomy":"product_tag","embeddable":true,"href":"https:\/\/avyness.com\/de\/wp-json\/wp\/v2\/product_tag?post=7163"}],"curies":[{"name":"wp","href":"https:\/\/api.w.org\/{rel}","templated":true}]}}