{"id":7453,"date":"2025-10-24T20:21:36","date_gmt":"2025-10-24T20:21:36","guid":{"rendered":"https:\/\/avyness.com\/product\/der-seegras-teppich-natuerlich-schwarz-200\/"},"modified":"2025-10-24T20:21:36","modified_gmt":"2025-10-24T20:21:36","slug":"der-seegras-teppich-natuerlich-schwarz-200","status":"publish","type":"product","link":"https:\/\/avyness.com\/de\/produkt\/der-seegras-teppich-natuerlich-schwarz-200\/","title":{"rendered":"Der Seegras-Teppich - Nat\u00fcrlich Schwarz - 200"},"content":{"rendered":"<p>Unser runder Seegras-Teppich aus Raffia, Sisal und Palmen hat eine nat\u00fcrliche und schwarze Farbe, die einem harten Boden Struktur und Weichheit verleiht. Nat\u00fcrlich strapazierf\u00e4hig, ideal f\u00fcr Ihre K\u00fcche, Ihren Wohnbereich oder Ihre \u00fcberdachte Terrasse.<br \/>\nBreite: 200cm<br \/>\nH\u00f6he: 2cm<br \/>\nL\u00e4nge: 200cm<br \/>\nGewicht: 5100g<br \/>\nMaterialien: Seegras, Seegras <\/p>\n","protected":false},"excerpt":{"rendered":"<p>Unser runder Seegras-Teppich aus Raffia, Sisal und Palmen hat eine nat\u00fcrliche und schwarze Farbe, die einem harten Boden Struktur und Weichheit verleiht. Nat\u00fcrlich strapazierf\u00e4hig, ideal f\u00fcr Ihre K\u00fcche, Ihren Wohnbereich oder Ihre \u00fcberdachte Terrasse. Breite: 200cm H\u00f6he: 2cm L\u00e4nge: 200cm Gewicht: 5100g Materialien: Seegras, Seegras<\/p>\n","protected":false},"featured_media":7340,"comment_status":"open","ping_status":"closed","template":"","meta":{"_et_pb_use_builder":"","_et_pb_old_content":"","_et_gb_content_width":""},"product_brand":[],"product_cat":[135,255],"product_tag":[],"class_list":{"0":"post-7453","1":"product","2":"type-product","3":"status-publish","4":"has-post-thumbnail","6":"product_cat-alle-produkte","7":"product_cat-deko","9":"first","10":"outofstock","11":"taxable","12":"shipping-taxable","13":"purchasable","14":"product-type-simple"},"jetpack_sharing_enabled":true,"_links":{"self":[{"href":"https:\/\/avyness.com\/de\/wp-json\/wp\/v2\/product\/7453","targetHints":{"allow":["GET"]}}],"collection":[{"href":"https:\/\/avyness.com\/de\/wp-json\/wp\/v2\/product"}],"about":[{"href":"https:\/\/avyness.com\/de\/wp-json\/wp\/v2\/types\/product"}],"replies":[{"embeddable":true,"href":"https:\/\/avyness.com\/de\/wp-json\/wp\/v2\/comments?post=7453"}],"wp:featuredmedia":[{"embeddable":true,"href":"https:\/\/avyness.com\/de\/wp-json\/wp\/v2\/media\/7340"}],"wp:attachment":[{"href":"https:\/\/avyness.com\/de\/wp-json\/wp\/v2\/media?parent=7453"}],"wp:term":[{"taxonomy":"product_brand","embeddable":true,"href":"https:\/\/avyness.com\/de\/wp-json\/wp\/v2\/product_brand?post=7453"},{"taxonomy":"product_cat","embeddable":true,"href":"https:\/\/avyness.com\/de\/wp-json\/wp\/v2\/product_cat?post=7453"},{"taxonomy":"product_tag","embeddable":true,"href":"https:\/\/avyness.com\/de\/wp-json\/wp\/v2\/product_tag?post=7453"}],"curies":[{"name":"wp","href":"https:\/\/api.w.org\/{rel}","templated":true}]}}